{"id":11662,"date":"2025-01-08T10:25:57","date_gmt":"2025-01-08T09:25:57","guid":{"rendered":"https:\/\/anonimoplus.com\/zasady-ochrany-osobnych-udajov\/"},"modified":"2025-11-20T15:36:35","modified_gmt":"2025-11-20T14:36:35","slug":"zasady-ochrany-osobnych-udajov","status":"publish","type":"page","link":"https:\/\/anonimoplus.com\/sk\/zasady-ochrany-osobnych-udajov\/","title":{"rendered":"Z\u00e1sady ochrany osobn\u00fdch \u00fadajov"},"content":{"rendered":"<div  class=\"section-element section-large-padding-top section-large-padding-bottom\"><div class=\"row\"><div class=\"large-12 nasa-col columns\"><div  class=\"wpb_text_column wpb_content_element\"><p><strong>OZN\u00c1MENIE INDIVIDU\u00c1LOM POD\u013dA \u010cL\u00c1NKU 13 V\u0160EOBECN\u00c9HO NARIADENIA O OCHRANE OSOBN\u00ddCH \u00daDAJOV (GDPR) T\u00ddKAJ\u00daCE SA SPRACOVANIA OSOBN\u00ddCH \u00daDAJOV<\/strong><\/p>\n<p>N\u00e1v\u0161tevn\u00edci a z\u00e1kazn\u00edci online obchodu https:\/\/anonimoplus.com\/<\/p>\n<p><strong>***<\/strong><\/p>\n<ul>\n<li>Spr\u00e1vca osobn\u00fdch \u00fadajov: MINETRADA, obchod a slu\u017eby, s.r.o., Lokarje 31, 1217 Vodice, info@anonimoplus.com<\/li>\n<li>Kontakty na poveren\u00fa osobu pre ochranu osobn\u00fdch \u00fadajov (DPO): e-mailov\u00e1 adresa: info@anonimoplus.com<\/li>\n<\/ul>\n<p>V predmetovom riadku ozna\u010dte \u201eOCHRANA OSOBN\u00ddCH \u00daDAJOV, pre DPO\u201c<\/p>\n<ul>\n<li>\u00da\u010del spracovania osobn\u00fdch \u00fadajov: Va\u0161e osobn\u00e9 \u00fadaje spracov\u00e1vame v men\u0161ej miere a len s va\u0161\u00edm s\u00fahlasom, ke\u010f prezer\u00e1te na\u0161u webov\u00fa str\u00e1nku, na z\u00e1klade s\u00faborov cookie, ktor\u00e9 s\u00fahlas\u00edte, \u017ee sa stiahnu do v\u00e1\u0161ho po\u010d\u00edta\u010da alebo zariadenia, cez ktor\u00e9 prezer\u00e1te na\u0161u webov\u00fa str\u00e1nku. Viac inform\u00e1ci\u00ed o s\u00faboroch cookie, ktor\u00e9 z va\u0161ich osobn\u00fdch \u00fadajov spracov\u00e1vame na ich z\u00e1klade a na ak\u00fd \u00fa\u010del a obdobie uchov\u00e1vania t\u00fdchto \u00fadajov n\u00e1jdete v ozn\u00e1men\u00ed o s\u00faboroch cookie zverejnenom na na\u0161ej webovej str\u00e1nke. Va\u0161e osobn\u00e9 \u00fadaje spracov\u00e1vame aj v nasleduj\u00facich pr\u00edpadoch:<\/li>\n<li>na \u00faspe\u0161n\u00e9 dokon\u010denie kone\u010dn\u00e9ho n\u00e1kupu a dodanie tovaru spracov\u00e1vame nasleduj\u00face kateg\u00f3rie osobn\u00fdch \u00fadajov o v\u00e1s: e-mailov\u00e1 adresa, telef\u00f3nne \u010d\u00edslo, meno a priezvisko, ulica a \u010d\u00edslo domu, po\u0161tov\u00e9 smerovacie \u010d\u00edslo a mesto, a \u00fadaje potrebn\u00e9 na \u00faspe\u0161n\u00e9 zaplatenie tovaru (napr. \u010d\u00edslo karty at\u010f.); \u00fadaje, ktor\u00e9 s\u00fa povinn\u00e9, s\u00fa ozna\u010den\u00e9 hviezdi\u010dkou (*) vo formul\u00e1ri; va\u0161e kontaktn\u00e9 inform\u00e1cie potrebujeme predov\u0161etk\u00fdm na \u00fa\u010dely spr\u00e1vneho dodania zak\u00fapen\u00e9ho tovaru, pri\u010dom tieto inform\u00e1cie posielame doru\u010dovacej slu\u017ebe, aby v\u00e1s mohla kontaktova\u0165 na \u00fa\u010dely dodania.<\/li>\n<li>na zasielanie noviniek zbierame va\u0161u e-mailov\u00fa adresu<\/li>\n<li>na vytvorenie a spr\u00e1vu registra\u010dn\u00e9ho \u00fa\u010dtu uchov\u00e1vame v\u0161etky \u00fadaje o v\u00e1s, ako v prvom odseku, a tie\u017e v\u00e1m pridel\u00edme pou\u017e\u00edvate\u013esk\u00e9 meno a heslo, ktor\u00e9 m\u00f4\u017eete zmeni\u0165<\/li>\n<\/ul>\n<p>Okrem vy\u0161\u0161ie uveden\u00fdch \u00fa\u010delov spracov\u00e1vame va\u0161e osobn\u00e9 \u00fadaje aj v pr\u00edpade vybavovania va\u0161ich dopytov, s\u0165a\u017enost\u00ed s cie\u013eom vyrie\u0161i\u0165 s\u0165a\u017enosti, ako aj v pr\u00edpade, \u017ee potrebujeme chr\u00e1ni\u0165 na\u0161e vlastn\u00e9 pr\u00e1vne, finan\u010dn\u00e9 a in\u00e9 z\u00e1ujmy (napr. na zistenie a prevenciu zneu\u017eitia a sp\u00f4sobenia \u0161kody, na vym\u00e1hanie nezaplaten\u00fdch s\u00fam at\u010f.). Na tieto \u00fa\u010dely spracov\u00e1vame vy\u0161\u0161ie uveden\u00e9 kateg\u00f3rie osobn\u00fdch \u00fadajov (s prihliadnut\u00edm na z\u00e1sadu minim\u00e1lneho rozsahu), ako aj va\u0161u IP adresu (na prevenciu zneu\u017eitia a sp\u00f4sobenia \u0161kody na webovej str\u00e1nke).<\/p>\n<p>Spr\u00e1vca pou\u017eije va\u0161e osobn\u00e9 \u00fadaje na anal\u00fdzu n\u00e1v\u0161tevnosti port\u00e1lu a na zlep\u0161enie fungovania port\u00e1lu a jeho slu\u017eieb. Syst\u00e9m automaticky zaznamen\u00e1va inform\u00e1cie o v\u00e1s, na z\u00e1klade ktor\u00fdch spr\u00e1vca z\u00edskava preh\u013ead o tom, ako prezer\u00e1te a pou\u017e\u00edvate webov\u00fa str\u00e1nku. Tento preh\u013ead umo\u017e\u0148uje spr\u00e1vcovi vykon\u00e1va\u0165 v\u00fdskum a anal\u00fdzu pre svoje vlastn\u00e9 potreby na zlep\u0161enie pou\u017e\u00edvate\u013eskej sk\u00fasenosti a svojich slu\u017eieb, ako aj z bezpe\u010dnostn\u00fdch d\u00f4vodov a \u0161tatistick\u00e9ho spracovania. Inform\u00e1cie, ktor\u00e9 syst\u00e9m automaticky zaznamen\u00e1va o v\u00e1s, s\u00fa nav\u0161t\u00edven\u00e9 webov\u00e9 str\u00e1nky, webov\u00fd prehliada\u010d, ktor\u00fd pou\u017e\u00edvate, a z osobn\u00fdch \u00fadajov IP adresa zariadenia, z ktor\u00e9ho pou\u017e\u00edvate port\u00e1l.<\/p>\n<ul>\n<li>Pr\u00e1vny z\u00e1klad pre spracovanie osobn\u00fdch \u00fadajov:<\/li>\n<\/ul>\n<p>\u25e6 v\u00e1\u0161 s\u00fahlas (na zasielanie noviniek) pod\u013ea \u010dl\u00e1nku 6\/1 a GDPR<\/p>\n<p>\u25e6 ke\u010f je spracovanie nevyhnutn\u00e9 na splnenie na\u0161ich pr\u00e1vnych povinnost\u00ed (napr. plnenie povinnost\u00ed v s\u00falade s da\u0148ov\u00fdmi predpismi, ako aj v s\u00falade so z\u00e1konom upravuj\u00facim elektronick\u00e9 komunik\u00e1cie) pod\u013ea \u010dl\u00e1nku 6\/1 c GDPR<\/p>\n<p>\u25e6 ke\u010f je spracovanie nevyhnutn\u00e9 na plnenie zmluvy medzi nami a vami, alebo na vykonanie opatren\u00ed na va\u0161u \u017eiados\u0165 pred uzatvoren\u00edm zmluvy (napr. v s\u00favislosti so spracovan\u00edm va\u0161ej objedn\u00e1vky, spr\u00e1vou v\u00e1\u0161ho pou\u017e\u00edvate\u013esk\u00e9ho \u00fa\u010dtu, spracovan\u00edm va\u0161ich dopytov at\u010f.) pod\u013ea \u010dl\u00e1nku 6\/1 b GDPR<\/p>\n<p>\u25e6 opr\u00e1vnen\u00fd z\u00e1ujem spr\u00e1vcu (napr. na uplatnenie a ochranu na\u0161ich vlastn\u00fdch pr\u00e1vnych z\u00e1ujmov, prevenciu zneu\u017eitia a sp\u00f4sobenia \u0161kody at\u010f.) pod\u013ea \u010dl\u00e1nku 6\/1 f GDPR<\/p>\n<p>Mus\u00edte n\u00e1m poskytn\u00fa\u0165 svoje osobn\u00e9 \u00fadaje, ktor\u00e9 zbierame na z\u00e1klade na\u0161ej aktu\u00e1lnej alebo potenci\u00e1lnej zmluvnej spolupr\u00e1ce (t.j. tie osobn\u00e9 \u00fadaje, ktor\u00e9 od v\u00e1s zbierame, aby sme mohli vykona\u0165 objedn\u00e1vku pre v\u00e1s, alebo aby sme mohli reagova\u0165 na va\u0161u \u017eiados\u0165), inak nebudeme schopn\u00ed prija\u0165 a vykona\u0165 va\u0161u objedn\u00e1vku, ani odpoveda\u0165 na va\u0161u \u017eiados\u0165.<\/p>\n<p>To ist\u00e9 plat\u00ed pre osobn\u00e9 \u00fadaje, ktor\u00e9 od v\u00e1s zbierame na \u00fa\u010dely splnenia na\u0161ich pr\u00e1vnych povinnost\u00ed (t.j. povinnosti, ktor\u00e9 mus\u00edme splni\u0165 pod\u013ea z\u00e1kona). Aj v tomto pr\u00edpade nebude na\u0161a spolupr\u00e1ca mo\u017en\u00e1, ak n\u00e1m neposkytnete po\u017eadovan\u00e9 osobn\u00e9 \u00fadaje.<\/p>\n<p>Na z\u00e1klade v\u00e1\u0161ho s\u00fahlasu bude spr\u00e1vca ob\u010das zasiela\u0165 novinky a ozn\u00e1menia o svojich aktivit\u00e1ch, novink\u00e1ch a slu\u017eb\u00e1ch s\u00favisiacich s \u010dinnos\u0165ou spr\u00e1vcu (priame marketingov\u00e9 aktivity) na va\u0161u e-mailov\u00fa adresu, ktor\u00fa poskytnete spr\u00e1vcovi. V ka\u017edej zaslanej spr\u00e1ve budete ma\u0165 mo\u017enos\u0165 odhl\u00e1si\u0165 sa z \u010fal\u0161ieho prij\u00edmania podobn\u00fdch spr\u00e1v. Okrem va\u0161ej e-mailovej adresy bude spr\u00e1vca spracov\u00e1va\u0165 aj va\u0161u IP adresu a d\u00e1tum a \u010das registr\u00e1cie na uveden\u00fd \u00fa\u010del.<\/p>\n<p>E-mailov\u00e1 adresa z\u00edskan\u00e1 spolo\u010dnos\u0165ou od svojho z\u00e1kazn\u00edka m\u00f4\u017ee, pod\u013ea odseku 2 \u010dl\u00e1nku 158 Z\u00e1kona o elektronick\u00fdch komunik\u00e1ci\u00e1ch (ZEKom-1), by\u0165 tie\u017e pou\u017eit\u00e1 na priamy marketing podobn\u00fdch produktov\/slu\u017eieb tejto spolo\u010dnosti. V tomto pr\u00edpade je adres\u00e1tovi jasne poskytnut\u00e1 mo\u017enos\u0165 v marketingovej spr\u00e1ve po\u017eiada\u0165 o zastavenie pou\u017e\u00edvania jeho e-mailovej adresy na tento \u00fa\u010del.<\/p>\n<ul>\n<li>Vysvetlenie opr\u00e1vnen\u00fdch z\u00e1ujmov[1]: Bezpe\u010dnos\u0165 os\u00f4b a majetku a ochrana pr\u00e1vnych z\u00e1ujmov spr\u00e1vcu \u2013 spracov\u00e1vame osobn\u00e9 \u00fadaje jednotlivcov, ke\u010f d\u00f4jde k poru\u0161eniu zmluvy zo strany jednotlivca alebo ke\u010f d\u00f4jde k nedorozumeniu t\u00fdkaj\u00facemu sa plnenia zmluvy medzi spr\u00e1vcom a jednotlivcom. V tomto pr\u00edpade spr\u00e1vca spracov\u00e1va osobn\u00e9 \u00fadaje jednotlivca s cie\u013eom chr\u00e1ni\u0165 svoj majetok a uplatni\u0165 (ochr\u00e1ni\u0165) svoje pr\u00e1vne z\u00e1ujmy. Zbierame tie\u017e va\u0161e osobn\u00e9 \u00fadaje, aby sme efekt\u00edvnej\u0161ie plnili na\u0161e pr\u00e1vne povinnosti, ako je plnenie na\u0161ich povinnost\u00ed pod\u013ea da\u0148ov\u00fdch predpisov v jednotliv\u00fdch pr\u00edpadoch. Spr\u00e1vca spracov\u00e1va osobn\u00e9 \u00fadaje na z\u00e1klade svojich opr\u00e1vnen\u00fdch z\u00e1ujmov, ktor\u00e9 spr\u00e1vca sleduje, pokia\u013e tak\u00e9to z\u00e1ujmy nie s\u00fa prekonan\u00e9 z\u00e1ujmami alebo z\u00e1kladn\u00fdmi pr\u00e1vami a slobodami jednotlivca, ktor\u00e9ho sa osobn\u00e9 \u00fadaje t\u00fdkaj\u00fa, ktor\u00e9 vy\u017eaduj\u00fa ochranu osobn\u00fdch \u00fadajov. Spr\u00e1vca vykon\u00e1 hodnotenie pr\u00e1vneho dopadu (LIA) pred spracovan\u00edm osobn\u00fdch \u00fadajov na z\u00e1klade opr\u00e1vnen\u00e9ho z\u00e1ujmu.<\/li>\n<\/ul>\n<p>Pou\u017e\u00edvatelia alebo kateg\u00f3rie pou\u017e\u00edvate\u013eov[2] osobn\u00fdch \u00fadajov, ak existuj\u00fa: Na optimaliz\u00e1ciu svojich oper\u00e1ci\u00ed spolupracuje spr\u00e1vca aj s jednotliv\u00fdmi zmluvn\u00fdmi spracovate\u013emi, ktor\u00ed v r\u00e1mci poskytovania slu\u017eieb spr\u00e1vcovi spracov\u00e1vaj\u00fa aj va\u0161e osobn\u00e9 \u00fadaje do ur\u010ditej miery. Tak\u00edto zmluvn\u00ed spracovatelia s\u00fa program\u00e1tori, redaktori webov\u00fdch str\u00e1nok, IT poradcovia, extern\u00ed \u00fa\u010dtovn\u00edci, pr\u00e1vni poradcovia, poskytovatelia cloudov\u00fdch a e-mailov\u00fdch slu\u017eieb, platobn\u00e9 in\u0161tit\u00facie (banky) a in\u00ed sprostredkovatelia, s ktor\u00fdmi spr\u00e1vca spolupracuje v s\u00favislosti s umo\u017enen\u00edm online platobn\u00fdch slu\u017eieb, doru\u010dovac\u00edch slu\u017eieb at\u010f.<\/p>\n<p>V\u0161etky tieto osoby uzavreli zmluvu o spracovan\u00ed osobn\u00fdch \u00fadajov so spr\u00e1vcom, \u010do znamen\u00e1, \u017ee m\u00f4\u017eu spracov\u00e1va\u0165 zveren\u00e9 \u00fadaje v\u00fdlu\u010dne v mene spr\u00e1vcu, v r\u00e1mci jeho opr\u00e1vnenia\/in\u0161trukci\u00ed (ako je definovan\u00e9 v zmluve alebo inom pr\u00e1vnom akte) a v s\u00falade s \u00fa\u010delmi definovan\u00fdmi v tejto politike ochrany osobn\u00fdch \u00fadajov a zmluve medzi spr\u00e1vcom a jednotliv\u00fdm zmluvn\u00fdm spracovate\u013eom.<\/p>\n<p>Na splnenie svojich pr\u00e1vnych povinnost\u00ed poskytuje spr\u00e1vca va\u0161e \u00fadaje v predp\u00edsanom rozsahu \u0161t\u00e1tnym org\u00e1nom a in\u0161tit\u00faci\u00e1m (napr. Finan\u010dnej spr\u00e1ve Slovenskej republiky).<\/p>\n<p>Spr\u00e1vca neposkytne va\u0161e osobn\u00e9 \u00fadaje neopr\u00e1vnen\u00fdm tret\u00edm stran\u00e1m.<\/p>\n<ul>\n<li>Inform\u00e1cie o prevodoch osobn\u00fdch \u00fadajov do tretej krajiny alebo medzin\u00e1rodnej organiz\u00e1cie: \u017eiadny v\u00fdstup<\/li>\n<\/ul>\n<p>Obdobie uchov\u00e1vania osobn\u00fdch \u00fadajov alebo, ak to nie je mo\u017en\u00e9, krit\u00e9ri\u00e1 pou\u017eit\u00e9 na ur\u010denie tohto obdobia:<\/p>\n<p>Va\u0161e osobn\u00e9 \u00fadaje budeme spracov\u00e1va\u0165 len do rozsahu potrebn\u00e9ho na dosiahnutie \u00fa\u010delov spracovania a tak dlho, ako je potrebn\u00e9 na dosiahnutie realiz\u00e1cie t\u00fdchto \u00fa\u010delov.<\/p>\n<p>Spracov\u00e1vame osobn\u00e9 \u00fadaje, k\u00fdm nie je splnen\u00fd \u00fa\u010del, na ktor\u00fd boli zhroma\u017eden\u00e9, najm\u00e4 ke\u010f je spracovanie osobn\u00fdch \u00fadajov nevyhnutn\u00e9 na alebo v s\u00favislosti so zmluvou uzatvorenou s nami, \u010do v tomto konkr\u00e9tnom pr\u00edpade je 5 rokov od ukon\u010denia zmluvn\u00e9ho vz\u0165ahu, pokia\u013e neexistuje \u010fal\u0161ie spracovanie na inom pr\u00e1vnom z\u00e1klade (napr. na ochranu na\u0161ich pr\u00e1vnych z\u00e1ujmov) a okrem pr\u00edpadov, kde je doba uchov\u00e1vania osobn\u00fdch \u00fadajov predp\u00edsan\u00e1 z\u00e1konom. V t\u00fdchto pr\u00edpadoch uchov\u00e1vame va\u0161e osobn\u00e9 \u00fadaje v s\u00falade s pr\u00e1vnymi predpismi alebo. a\u017e 5 rokov po uplynut\u00ed \u00fa\u010delu, na ktor\u00fd sme ich \u010falej spracov\u00e1vali.<\/p>\n<p>Osobn\u00e9 \u00fadaje, ktor\u00e9 zbierame a \u010falej spracov\u00e1vame v\u00fdlu\u010dne na z\u00e1klade v\u00e1\u0161ho s\u00fahlasu, prestaneme spracov\u00e1va\u0165 po odvolan\u00ed s\u00fahlasu.<\/p>\n<p>Pok\u00fdm nie je v tejto politike ochrany osobn\u00fdch \u00fadajov alebo in\u00fdch pr\u00e1vnych, regula\u010dn\u00fdch alebo intern\u00fdch aktoch uveden\u00e9 inak, \u00fa\u010del spracovania osobn\u00fdch \u00fadajov sa pova\u017euje za dosiahnut\u00fd, ke\u010f uplynie maxim\u00e1lna lehota na uplatnenie alebo obhajobu n\u00e1rokov vypl\u00fdvaj\u00facich z jednotliv\u00e9ho skutkov\u00e9ho stavu (v\u0161eobecn\u00e1 preml\u010dacia lehota je 5 rokov, v\u00fdnimo\u010dne krat\u0161ia \u2013 1 alebo 3 roky, alebo dlh\u0161ia \u2013 10 rokov).<\/p>\n<ul>\n<li>Inform\u00e1cie o existencii pr\u00e1v jednotlivca po\u017eiada\u0165 o pr\u00edstup k osobn\u00fdm \u00fadajom a opravu alebo vymazanie osobn\u00fdch \u00fadajov alebo obmedzenia, alebo existencia pr\u00e1va namieta\u0165 proti spracovaniu a pr\u00e1va na prenos \u00fadajov: P\u00edsomnou \u017eiados\u0165ou zaslanou na adresu spr\u00e1vcu alebo e-mailom na info@anonimoplus.com m\u00f4\u017ee jednotlivec po\u017eiada\u0165 o pr\u00edstup, doplnenie, opravu, blokovanie alebo obmedzenie spracovania alebo vymazanie osobn\u00fdch \u00fadajov, namieta\u0165 proti spracovaniu \u00fadajov, ktor\u00e9 sa ho t\u00fdkaj\u00fa, a \u017eiada\u0165 o prenos \u00fadajov. Spr\u00e1vca rozhodne o \u017eiadosti jednotlivca v s\u00falade s pr\u00e1vnym z\u00e1kladom, na ktorom bolo spracovanie osobn\u00fdch \u00fadajov jednotlivca zalo\u017een\u00e9. Inform\u00e1cie o pr\u00e1ve odvola\u0165 s\u00fahlas, ke\u010f je spracovanie zalo\u017een\u00e9 na s\u00fahlase: Svoj s\u00fahlas m\u00f4\u017eete kedyko\u013evek odvola\u0165 bez toho, aby to ovplyvnilo z\u00e1konnos\u0165 spracovania \u00fadajov vykonan\u00e9ho na z\u00e1klade s\u00fahlasu a\u017e do jeho odvolania.<\/li>\n<\/ul>\n<ul>\n<li>Inform\u00e1cie o pr\u00e1ve poda\u0165 s\u0165a\u017enos\u0165 dozorn\u00e9mu org\u00e1nu: M\u00f4\u017eete poda\u0165 s\u0165a\u017enos\u0165 na \u00darad na ochranu osobn\u00fdch \u00fadajov (adresa: Dunajsk\u00e1 22, 1000 Bratislava, e-mail: gp.ip@ip-rs.si, telef\u00f3n: 012309730, web: www.ip-rs.si).<\/li>\n<li>Inform\u00e1cie o existencii automatizovan\u00e9ho rozhodovania, vr\u00e1tane profilovania, a aspo\u0148 v tak\u00fdchto pr\u00edpadoch, v\u00fdznamn\u00e9 inform\u00e1cie o d\u00f4vodoch na to, ako aj v\u00fdznam a predpokladan\u00e9 d\u00f4sledky tak\u00e9ho spracovania pre dotknut\u00fa osobu: N\/A<\/li>\n<\/ul>\n<table width=\"1637\">\n<tbody>\n<tr>\n<td width=\"168\"><strong>S\u00fabory cookie<\/strong><\/td>\n<td width=\"115\"><strong>Dom\u00e9na<\/strong><\/td>\n<td width=\"1180\"><strong>Popis<\/strong><\/td>\n<td width=\"87\"><strong>Doba trvania<\/strong><\/td>\n<td width=\"87\"><strong>Typ<\/strong><\/td>\n<\/tr>\n<tr>\n<td>CLID<\/td>\n<td><a href=\"http:\/\/www.clarity.ms\/\">www.clarity.ms\u00a0<\/a><\/td>\n<td>Microsoft Clarity nastavuje tento s\u00fabor cookie na uchov\u00e1vanie inform\u00e1ci\u00ed o tom, ako n\u00e1v\u0161tevn\u00edci interaguj\u00fa s webovou str\u00e1nkou. Tento s\u00fabor cookie pom\u00e1ha poskytova\u0165 analytick\u00e9 spr\u00e1vy. Zhroma\u017eden\u00e9 \u00fadaje zah\u0155\u0148aj\u00fa po\u010det n\u00e1v\u0161tevn\u00edkov, kde nav\u0161tevuj\u00fa webov\u00fa str\u00e1nku a str\u00e1nky, ktor\u00e9 nav\u0161tevuj\u00fa.<\/td>\n<td>1 rok<\/td>\n<td>Analytika<\/td>\n<\/tr>\n<tr>\n<td>_clck<\/td>\n<td>.anonimoplus.com<\/td>\n<td>Microsoft Clarity nastavuje tento s\u00fabor cookie na uchov\u00e1vanie ID pou\u017e\u00edvate\u013ea prehliada\u010da Clarity a nastaven\u00ed, ktor\u00e9 s\u00fa jedine\u010dn\u00e9 pre t\u00fato str\u00e1nku. To zabezpe\u010duje, \u017ee akcie vykonan\u00e9 po\u010das nasleduj\u00facich n\u00e1v\u0161tev tej istej str\u00e1nky s\u00fa spojen\u00e9 s rovnak\u00fdm pou\u017e\u00edvate\u013esk\u00fdm menom.<\/td>\n<td>1 rok<\/td>\n<td>Analytika<\/td>\n<\/tr>\n<tr>\n<td>_clsk<\/td>\n<td>.anonimoplus.com<\/td>\n<td>Microsoft Clarity nastavuje tento s\u00fabor cookie na uchov\u00e1vanie a kombinovanie zobrazen\u00ed str\u00e1nok pou\u017e\u00edvate\u013ea do jedn\u00e9ho z\u00e1znamu rel\u00e1cie.<\/td>\n<td>1 de\u0148<\/td>\n<td>Analytika<\/td>\n<\/tr>\n<tr>\n<td>pys_session_limit<\/td>\n<td>.anonimoplus.com<\/td>\n<td>Plugin PixelYourSite nastavuje tento s\u00fabor cookie na spr\u00e1vu analytickej slu\u017eby.<\/td>\n<td>1 hodina<\/td>\n<td>Analytika<\/td>\n<\/tr>\n<tr>\n<td>pys_start_session<\/td>\n<td>.anonimoplus.com<\/td>\n<td>Plugin PixelYourSite nastavuje tento s\u00fabor cookie na spr\u00e1vu analytickej slu\u017eby.<\/td>\n<td>rel\u00e1cia<\/td>\n<td>Analytika<\/td>\n<\/tr>\n<tr>\n<td>pys_first_visit<\/td>\n<td>.anonimoplus.com<\/td>\n<td>Plugin PixelYourSite nastavuje tento s\u00fabor cookie na spr\u00e1vu analytickej slu\u017eby.<\/td>\n<td>7 dn\u00ed<\/td>\n<td>Analytika<\/td>\n<\/tr>\n<tr>\n<td>pysTrafficSource<\/td>\n<td>.anonimoplus.com<\/td>\n<td>Plugin PixelYourSite nastavuje tento s\u00fabor cookie na spr\u00e1vu analytickej slu\u017eby.<\/td>\n<td>7 dn\u00ed<\/td>\n<td>Analytika<\/td>\n<\/tr>\n<tr>\n<td>pys_landing_page<\/td>\n<td>.anonimoplus.com<\/td>\n<td>Plugin PixelYourSite nastavuje tento s\u00fabor cookie na spr\u00e1vu analytickej slu\u017eby.<\/td>\n<td>7 dn\u00ed<\/td>\n<td>Analytika<\/td>\n<\/tr>\n<tr>\n<td>last_pysTrafficSource<\/td>\n<td>.anonimoplus.com<\/td>\n<td>Plugin PixelYourSite nastavuje tento s\u00fabor cookie na spr\u00e1vu analytickej slu\u017eby.<\/td>\n<td>7 dn\u00ed<\/td>\n<td>Analytika<\/td>\n<\/tr>\n<tr>\n<td>last_pys_landing_page<\/td>\n<td>.anonimoplus.com<\/td>\n<td>Plugin PixelYourSite nastavuje tento s\u00fabor cookie na spr\u00e1vu analytickej slu\u017eby.<\/td>\n<td>7 dn\u00ed<\/td>\n<td>Analytika<\/td>\n<\/tr>\n<tr>\n<td>_fbp<\/td>\n<td>.anonimoplus.com<\/td>\n<td>Facebook nastavuje tento s\u00fabor cookie na uchov\u00e1vanie a sledovanie interakci\u00ed.<\/td>\n<td>7 dn\u00ed<\/td>\n<td>Analytika<\/td>\n<\/tr>\n<tr>\n<td>nasa_curent_per_shipping<\/td>\n<td>.anonimoplus.com<\/td>\n<td>\/<\/td>\n<td>7 dn\u00ed<\/td>\n<td>In\u00e9<\/td>\n<\/tr>\n<tr>\n<td>_ga_*<\/td>\n<td>.anonimoplus.com<\/td>\n<td>Google Analytics nastavuje tento s\u00fabor cookie na uchov\u00e1vanie a po\u010d\u00edtanie zobrazen\u00ed str\u00e1nok.<\/td>\n<td>1 rok 1 mesiac 4 dni<\/td>\n<td>Analytika<\/td>\n<\/tr>\n<tr>\n<td rowspan=\"2\">_ga<\/td>\n<td rowspan=\"2\">.anonimoplus.com<\/td>\n<td>S\u00fabor cookie _ga, nastaven\u00fd Google Analytics, vypo\u010d\u00edtava \u00fadaje o n\u00e1v\u0161tevn\u00edkoch, rel\u00e1ci\u00e1ch a kampaniach a tie\u017e sleduje pou\u017e\u00edvanie webovej str\u00e1nky na analytick\u00e9 spr\u00e1vy.<\/td>\n<td rowspan=\"2\">1 rok 1 mesiac 4 dni<\/td>\n<td rowspan=\"2\">Analytika<\/td>\n<\/tr>\n<tr>\n<td>Tento s\u00fabor cookie uchov\u00e1va inform\u00e1cie anonymne a prira\u010fuje n\u00e1hodne generovan\u00e9 \u010d\u00edslo na identifik\u00e1ciu jedine\u010dn\u00fdch n\u00e1v\u0161tevn\u00edkov.<\/td>\n<\/tr>\n<tr>\n<td>SM<\/td>\n<td>.c.clarity.ms<\/td>\n<td>S\u00fabor cookie Microsoft Clarity nastavuje tento s\u00fabor cookie na synchroniz\u00e1ciu MUIDs naprie\u010d dom\u00e9nami Microsoftu.<\/td>\n<td>rel\u00e1cia<\/td>\n<td>Analytika<\/td>\n<\/tr>\n<tr>\n<td>MUID<\/td>\n<td>.clarity.ms<\/td>\n<td>Microsoft Bing nastavuje tento s\u00fabor cookie na rozpoznanie jedine\u010dn\u00fdch webov\u00fdch prehliada\u010dov, ktor\u00e9 nav\u0161tevuj\u00fa webov\u00e9 str\u00e1nky Microsoftu. Tieto s\u00fabory cookie sa pou\u017e\u00edvaj\u00fa na reklamu, analytiku webov\u00fdch str\u00e1nok a in\u00e9 prev\u00e1dzkov\u00e9 \u00fa\u010dely.<\/td>\n<td>1 rok 24 dn\u00ed<\/td>\n<td>Reklama<\/td>\n<\/tr>\n<tr>\n<td>MUID<\/td>\n<td>.bing.com<\/td>\n<td>Microsoft Bing nastavuje tento s\u00fabor cookie na rozpoznanie jedine\u010dn\u00fdch webov\u00fdch prehliada\u010dov, ktor\u00e9 nav\u0161tevuj\u00fa webov\u00e9 str\u00e1nky Microsoftu. Tieto s\u00fabory cookie sa pou\u017e\u00edvaj\u00fa na reklamu, analytiku webov\u00fdch str\u00e1nok a in\u00e9 prev\u00e1dzkov\u00e9 \u00fa\u010dely.<\/td>\n<td>1 rok 24 dn\u00ed<\/td>\n<td>Reklama<\/td>\n<\/tr>\n<tr>\n<td>MR<\/td>\n<td>.c.bing.com<\/td>\n<td>Tento s\u00fabor cookie, nastaven\u00fd Bingom, sa pou\u017e\u00edva na zhroma\u017e\u010fovanie \u00fadajov o pou\u017e\u00edvate\u013eoch na analytick\u00e9 \u00fa\u010dely.<\/td>\n<td>7 dn\u00ed<\/td>\n<td>Analytika<\/td>\n<\/tr>\n<tr>\n<td>SRM_B<\/td>\n<td>.c.bing.com<\/td>\n<td>Pou\u017e\u00edva sa spolo\u010dnos\u0165ou Microsoft Advertising ako jedine\u010dn\u00e9 ID pre n\u00e1v\u0161tevn\u00edkov.<\/td>\n<td>1 rok 24 dn\u00ed<\/td>\n<td>Kapacita<\/td>\n<\/tr>\n<tr>\n<td>MR<\/td>\n<td>.c.clarity.ms<\/td>\n<td>Tento s\u00fabor cookie, nastaven\u00fd Bingom, sa pou\u017e\u00edva na zhroma\u017e\u010fovanie \u00fadajov o pou\u017e\u00edvate\u013eoch na analytick\u00e9 \u00fa\u010dely.<\/td>\n<td>7 dn\u00ed<\/td>\n<td>Analytika<\/td>\n<\/tr>\n<tr>\n<td>ANONCHK<\/td>\n<td>.c.clarity.ms<\/td>\n<td>S\u00fabor cookie ANONCHK, nastaven\u00fd Bingom, sa pou\u017e\u00edva na uchov\u00e1vanie ID rel\u00e1cie pou\u017e\u00edvate\u013ea a tie\u017e na sledovanie kliknut\u00ed na reklamy vo vyh\u013ead\u00e1va\u010doch Bing. Tento s\u00fabor cookie tie\u017e pom\u00e1ha pri reportovan\u00ed a personaliz\u00e1cii.<\/td>\n<td>10 min\u00fat<\/td>\n<td>Reklama<\/td>\n<\/tr>\n<tr>\n<td>lastExternalReferrerTime<\/td>\n<td>.anonimoplus.com<\/td>\n<td>\/<\/td>\n<td>nikdy<\/td>\n<td>In\u00e9<\/td>\n<\/tr>\n<tr>\n<td>lastExternalReferrer<\/td>\n<td>.anonimoplus.com<\/td>\n<td>\/<\/td>\n<td>nikdy<\/td>\n<td>In\u00e9<\/td>\n<\/tr>\n<tr>\n<td>wc_cart_hash_4815c0e77d6043640404ac68872e083e<\/td>\n<td>.anonimoplus.com<\/td>\n<td>\/<\/td>\n<td>nikdy<\/td>\n<td>In\u00e9<\/td>\n<\/tr>\n<tr>\n<td>wpEmojiSettingsSupports<\/td>\n<td>.anonimoplus.com<\/td>\n<td>WordPress nastavuje tento s\u00fabor cookie, ke\u010f pou\u017e\u00edvate\u013e interaguje s emoji na str\u00e1nke WordPress. Pom\u00e1ha ur\u010di\u0165, \u010di prehliada\u010d pou\u017e\u00edvate\u013ea dok\u00e1\u017ee spr\u00e1vne zobrazi\u0165 emoji.<\/td>\n<td>rel\u00e1cia<\/td>\n<td>Povinn\u00e9<\/td>\n<\/tr>\n<tr>\n<td>wc_fragments_4815c0e77d6043640404ac68872e083e<\/td>\n<td>.anonimoplus.com<\/td>\n<td>\/<\/td>\n<td>rel\u00e1cia<\/td>\n<td>In\u00e9<\/td>\n<\/tr>\n<tr>\n<td>_cltk<\/td>\n<td>.anonimoplus.com<\/td>\n<td>\/<\/td>\n<td>rel\u00e1cia<\/td>\n<td>In\u00e9<\/td>\n<\/tr>\n<tr>\n<td>wc_cart_created<\/td>\n<td>.anonimoplus.com<\/td>\n<td>\/<\/td>\n<td>rel\u00e1cia<\/td>\n<td>In\u00e9<\/td>\n<\/tr>\n<\/tbody>\n<\/table>\n<\/div><\/div><\/div><\/div>\n","protected":false},"excerpt":{"rendered":"","protected":false},"author":3,"featured_media":0,"parent":0,"menu_order":0,"comment_status":"closed","ping_status":"closed","template":"page-blank.php","meta":{"_acf_changed":false,"footnotes":""},"class_list":["post-11662","page","type-page","status-publish","hentry"],"acf":[],"_links":{"self":[{"href":"https:\/\/anonimoplus.com\/sk\/wp-json\/wp\/v2\/pages\/11662","targetHints":{"allow":["GET"]}}],"collection":[{"href":"https:\/\/anonimoplus.com\/sk\/wp-json\/wp\/v2\/pages"}],"about":[{"href":"https:\/\/anonimoplus.com\/sk\/wp-json\/wp\/v2\/types\/page"}],"author":[{"embeddable":true,"href":"https:\/\/anonimoplus.com\/sk\/wp-json\/wp\/v2\/users\/3"}],"replies":[{"embeddable":true,"href":"https:\/\/anonimoplus.com\/sk\/wp-json\/wp\/v2\/comments?post=11662"}],"version-history":[{"count":0,"href":"https:\/\/anonimoplus.com\/sk\/wp-json\/wp\/v2\/pages\/11662\/revisions"}],"wp:attachment":[{"href":"https:\/\/anonimoplus.com\/sk\/wp-json\/wp\/v2\/media?parent=11662"}],"curies":[{"name":"wp","href":"https:\/\/api.w.org\/{rel}","templated":true}]}}