{"id":11709,"date":"2025-01-08T10:25:57","date_gmt":"2025-01-08T09:25:57","guid":{"rendered":"https:\/\/anonimoplus.com\/informativa-sulla-privacy\/"},"modified":"2025-11-20T15:35:14","modified_gmt":"2025-11-20T14:35:14","slug":"informativa-sulla-privacy","status":"publish","type":"page","link":"https:\/\/anonimoplus.com\/it\/informativa-sulla-privacy\/","title":{"rendered":"Informativa sulla privacy"},"content":{"rendered":"<div  class=\"section-element section-large-padding-top section-large-padding-bottom\"><div class=\"row\"><div class=\"large-12 nasa-col columns\"><div  class=\"wpb_text_column wpb_content_element\"><p><strong>NOTIFICA AGLI INDIVIDUI AI SENSI DELL&#8217;ARTICOLO 13 DEL REGOLAMENTO GENERALE SULLA PROTEZIONE DEI DATI (GDPR) RIGUARDO AL TRATTAMENTO DEI DATI PERSONALI<\/strong><\/p>\n<p>Visitatori e clienti del negozio online https:\/\/anonimoplus.com\/<\/p>\n<p><strong>***<\/strong><\/p>\n<ul>\n<li>Controllore dei dati personali: MINETRADA, trgovina in storitve, d.o.o., Lokarje 31, 1217 Vodice, info@anonimoplus.com<\/li>\n<li>Contatti della persona autorizzata per la protezione dei dati personali (DPO): indirizzo e-mail: info@anonimoplus.com<\/li>\n<\/ul>\n<p>Nell&#8217;oggetto, contrassegnare &#8220;PROTEZIONE DEI DATI PERSONALI, per DPO&#8221;<\/p>\n<ul>\n<li>Scopo del trattamento dei dati personali: Trattiamo i tuoi dati personali in misura minore e solo con il tuo consenso quando navighi sul nostro sito web, sulla base dei cookie, che accetti di essere scaricati sul tuo computer o dispositivo tramite il quale navighi sul nostro sito web. Puoi leggere di pi\u00f9 sui cookie, quali dei tuoi dati personali trattiamo sulla loro base e per quale scopo e il periodo di conservazione di questi dati nell&#8217;avviso sui cookie pubblicato sul nostro sito web. Trattiamo anche i tuoi dati personali nei seguenti casi:<\/li>\n<li>per completare con successo l&#8217;acquisto finale e consegnare la merce, trattiamo le seguenti categorie di dati personali su di te: indirizzo e-mail, numero di telefono, nome e cognome, indirizzo e numero civico, codice postale e citt\u00e0, e dati necessari per il pagamento riuscito della merce (ad es. numero di carta, ecc.); i dati obbligatori sono contrassegnati con un asterisco (*) nel modulo; abbiamo bisogno delle tue informazioni di contatto principalmente per scopi di corretta consegna della merce acquistata, per cui inoltriamo queste informazioni al servizio di consegna affinch\u00e9 possa contattarti per scopi di consegna.<\/li>\n<li>per inviarti notizie, raccogliamo il tuo indirizzo e-mail<\/li>\n<li>per creare e gestire un account di registrazione, conserviamo tutti i dati su di te, come nel primo punto, e ti viene anche assegnato un nome utente e una password, che puoi cambiare<\/li>\n<\/ul>\n<p>Oltre agli scopi sopra indicati, trattiamo anche i tuoi dati personali in caso di gestione delle tue richieste, reclami con l&#8217;obiettivo di risolvere i reclami, nonch\u00e9 nel caso in cui dobbiamo proteggere i nostri interessi legali, finanziari e altri (ad es. per rilevare e prevenire abusi e danni, per recuperare importi non pagati, ecc.). Per questi scopi, trattiamo le categorie di dati personali sopra elencate (tenendo conto del principio di minimizzazione), cos\u00ec come il tuo indirizzo IP (per prevenire abusi e danni al sito web).<\/p>\n<p>Il controllore utilizzer\u00e0 i tuoi dati personali per analizzare le visite al portale e migliorare il funzionamento del portale e dei suoi servizi. Il sistema registra automaticamente informazioni su di te, sulla base delle quali il controllore ottiene un&#8217;idea del modo in cui navighi e utilizzi il sito web. Questa intuizione consente all&#8217;amministratore di condurre ricerche e analisi per i propri bisogni per migliorare l&#8217;esperienza utente e i suoi servizi, nonch\u00e9 per motivi di sicurezza e elaborazione statistica. Le informazioni che il sistema registra automaticamente su di te sono i siti web visitati, il browser web che utilizzi e, tra i dati personali, l&#8217;indirizzo IP del dispositivo da cui utilizzi il portale.<\/p>\n<ul>\n<li>Base giuridica per il trattamento dei dati personali:<\/li>\n<\/ul>\n<p>\u25e6 il tuo consenso (per l&#8217;invio di newsletter) ai sensi dell&#8217;Articolo 6\/1 a GDPR<\/p>\n<p>\u25e6 quando il trattamento \u00e8 necessario per l&#8217;adempimento dei nostri obblighi legali, (ad es. adempimento degli obblighi in conformit\u00e0 con le normative fiscali e anche in conformit\u00e0 con la legge che regola le comunicazioni elettroniche) ai sensi dell&#8217;Articolo 6\/1 c GDPR<\/p>\n<p>\u25e6 quando il trattamento \u00e8 necessario per l&#8217;esecuzione di un contratto tra noi e te, o per l&#8217;attuazione di misure su tua richiesta prima della conclusione di un contratto (ad es. in relazione al trattamento del tuo ordine, gestione del tuo account utente, trattamento delle tue richieste, ecc.) ai sensi dell&#8217;Articolo 6\/1 b GDPR<\/p>\n<p>\u25e6 legittimo interesse del controllore (ad es. per l&#8217;esercizio e la protezione dei nostri interessi legali, prevenzione di abusi e danni, ecc.) ai sensi dell&#8217;Articolo 6\/1 f GDPR<\/p>\n<p>Devi fornirci i tuoi dati personali che raccogliamo sulla base della nostra attuale o potenziale cooperazione contrattuale (cio\u00e8 quei dati personali che raccogliamo da te per poter eseguire un ordine per te, o per rispondere alla tua richiesta), altrimenti non saremo in grado di accettare ed eseguire il tuo ordine, n\u00e9 di rispondere alla tua richiesta.<\/p>\n<p>Lo stesso vale per i dati personali che raccogliamo da te per adempiere ai nostri obblighi legali (cio\u00e8 obblighi che dobbiamo adempiere per legge). Anche in questo caso, la nostra cooperazione non sar\u00e0 possibile se non ci fornisci i dati personali richiesti.<\/p>\n<p>Sulla base del tuo consenso, il controllore ti invier\u00e0 occasionalmente notizie e notifiche sulle proprie attivit\u00e0, notizie e servizi legati alle attivit\u00e0 del controllore (marketing diretto) al tuo indirizzo e-mail, che fornirai al controllore. In ogni messaggio inviato, avrai la possibilit\u00e0 di disiscriverti dalla ricezione di ulteriori messaggi simili. Oltre al tuo indirizzo e-mail, il controllore tratter\u00e0 anche il tuo indirizzo IP e la data e l&#8217;ora di registrazione per il suddetto scopo.<\/p>\n<p>Un indirizzo e-mail ottenuto da un&#8217;azienda dal proprio cliente pu\u00f2, ai sensi del paragrafo 2 dell&#8217;Articolo 158 della Legge sulle Comunicazioni Elettroniche (ZEKom-1), essere utilizzato anche per il marketing diretto di prodotti\/servizi simili di questa azienda. In questo caso, al destinatario viene chiaramente data l&#8217;opzione nel messaggio di marketing di richiedere la cessazione dell&#8217;uso del proprio indirizzo e-mail per questo scopo.<\/p>\n<ul>\n<li>Spiegazione degli interessi legittimi[1]: Sicurezza delle persone e dei beni e protezione degli interessi legali del controllore \u2013 trattiamo i dati personali degli individui quando c&#8217;\u00e8 una violazione del contratto da parte dell&#8217;individuo o quando c&#8217;\u00e8 un malinteso riguardo all&#8217;attuazione del contratto tra il controllore e l&#8217;individuo. In questo caso, il controllore tratta i dati personali dell&#8217;individuo per proteggere i propri beni e per far valere (proteggere) i propri interessi legali. Raccogliamo anche i tuoi dati personali per adempiere in modo pi\u00f9 efficace ai nostri obblighi legali, come l&#8217;adempimento dei nostri obblighi ai sensi delle normative fiscali in casi individuali. Il controllore tratta i dati personali sulla base dei propri interessi legittimi, che il controllore persegue, tranne nei casi in cui tali interessi siano superati dagli interessi o dai diritti e libert\u00e0 fondamentali dell&#8217;individuo a cui si riferiscono i dati personali, che richiedono la protezione dei dati personali. Il controllore effettuer\u00e0 una valutazione dell&#8217;impatto legale (LIA) prima di trattare i dati personali sulla base di un interesse legittimo<\/li>\n<\/ul>\n<p>Gli utenti o le categorie di utenti[2] dei dati personali, se presenti: Per ottimizzare le proprie operazioni, il controllore collabora anche con singoli responsabili contrattuali che, nel contesto della fornitura di servizi al controllore, trattano anche i tuoi dati personali in una certa misura. Tali responsabili contrattuali sono programmatori, editori di siti web, consulenti IT, contabili esterni, consulenti legali, fornitori di servizi cloud e email, istituti di pagamento (bancari) e altri intermediari con cui il controllore collabora in relazione alla fornitura di servizi di pagamento online, servizi di consegna, ecc.<\/p>\n<p>Tutte queste persone hanno concluso un contratto di trattamento dei dati personali con il controllore, il che significa che possono trattare i dati affidati esclusivamente per conto del controllore, entro i limiti della sua autorizzazione\/istruzioni (come definito nel contratto o in altro atto legale) e in conformit\u00e0 con gli scopi definiti nella presente informativa sulla privacy e nel contratto tra il controllore e il singolo responsabile contrattuale.<\/p>\n<p>Per adempiere ai propri obblighi legali, il controllore fornisce anche i tuoi dati nella misura prescritta alle autorit\u00e0 e istituzioni statali (ad es. l&#8217;Amministrazione Finanziaria della Repubblica di Slovenia).<\/p>\n<p>Il controllore non fornir\u00e0 i tuoi dati personali a terzi non autorizzati.<\/p>\n<ul>\n<li>Informazioni sui trasferimenti di dati personali a un paese terzo o a un&#8217;organizzazione internazionale: nessuna uscita<\/li>\n<\/ul>\n<p>Periodo di conservazione dei dati personali o, dove ci\u00f2 non \u00e8 possibile, i criteri utilizzati per determinare questo periodo:<\/p>\n<p>Tratteremo i tuoi dati personali solo nella misura necessaria per raggiungere gli scopi del trattamento e per il tempo necessario per realizzare questi scopi.<\/p>\n<p>Trattiamo i dati personali fino a quando lo scopo per cui sono stati raccolti \u00e8 soddisfatto, in particolare quando il trattamento dei dati personali \u00e8 necessario per o in relazione a un contratto concluso con noi, che in questo caso specifico \u00e8 di 5 anni dalla cessazione del rapporto contrattuale, a meno che non ci sia un ulteriore trattamento su un&#8217;altra base giuridica (ad es. per proteggere i nostri interessi legali) e salvo nei casi in cui il periodo di conservazione dei dati personali sia prescritto dalla legge. In questi casi, conserviamo i tuoi dati personali in conformit\u00e0 con le disposizioni legali o. fino a 5 anni dopo la scadenza dello scopo per cui li abbiamo ulteriormente trattati.<\/p>\n<p>I dati personali che raccogliamo e trattiamo ulteriormente esclusivamente sulla base del tuo consenso cesseranno di essere trattati al momento della revoca del consenso.<\/p>\n<p>Salvo diversa indicazione nella presente informativa sulla privacy o in altri atti legali, normativi o interni, lo scopo del trattamento dei dati personali \u00e8 considerato raggiunto quando scade il termine massimo per far valere o difendere i diritti derivanti da una situazione di fatto individuale (il termine di prescrizione generale \u00e8 di 5 anni, eccezionalmente pi\u00f9 breve \u2013 1 o 3 anni, o pi\u00f9 lungo \u2013 10 anni).<\/p>\n<ul>\n<li>Informazioni sull&#8217;esistenza dei diritti dell&#8217;individuo di richiedere l&#8217;accesso ai dati personali e la correzione o cancellazione dei dati personali o restrizioni, o l&#8217;esistenza del diritto di opporsi al trattamento e il diritto alla portabilit\u00e0 dei dati: Con una richiesta scritta inviata all&#8217;indirizzo del controllore o via e-mail a info@anonimoplus.com, l&#8217;individuo pu\u00f2 richiedere accesso, completamento, correzione, blocco o restrizione del trattamento o cancellazione dei dati personali, opporsi al trattamento dei dati che lo riguardano e richiedere il trasferimento dei dati. Il controllore decider\u00e0 sulla richiesta dell&#8217;individuo in conformit\u00e0 con la base giuridica su cui si basava il trattamento dei dati personali dell&#8217;individuo. Informazioni sul diritto di revocare il consenso quando il trattamento si basa sul consenso: Puoi revocare il consenso in qualsiasi momento senza influire sulla legalit\u00e0 del trattamento dei dati effettuato sulla base del consenso fino alla sua revoca.<\/li>\n<\/ul>\n<ul>\n<li>Informazioni sul diritto di presentare un reclamo a un&#8217;autorit\u00e0 di controllo: Puoi presentare un reclamo al Garante per la protezione dei dati (indirizzo: Dunajska 22, 1000 Ljubljana, e-mail: gp.ip@ip-rs.si, telefono: 012309730, sito web: www.ip-rs.si).<\/li>\n<li>Informazioni sull&#8217;esistenza di decisioni automatizzate, compresa la profilazione, e almeno in tali casi, informazioni significative sui motivi di essa, nonch\u00e9 il significato e le conseguenze previste di tale trattamento per il soggetto dei dati: N\/A<\/li>\n<\/ul>\n<table width=\"1637\">\n<tbody>\n<tr>\n<td width=\"168\"><strong>Cookie<\/strong><\/td>\n<td width=\"115\"><strong>Dominio<\/strong><\/td>\n<td width=\"1180\"><strong>Descrizione<\/strong><\/td>\n<td width=\"87\"><strong>Durata<\/strong><\/td>\n<td width=\"87\"><strong>Tipo<\/strong><\/td>\n<\/tr>\n<tr>\n<td>CLID<\/td>\n<td><a href=\"http:\/\/www.clarity.ms\/\">www.clarity.ms\u00a0<\/a><\/td>\n<td>Microsoft Clarity imposta questo cookie per memorizzare informazioni su come i visitatori interagiscono con il sito web. Il cookie aiuta a fornire report analitici. I dati raccolti includono il numero di visitatori, dove visitano il sito web e le pagine che visitano.<\/td>\n<td>1 anno<\/td>\n<td>Analitica<\/td>\n<\/tr>\n<tr>\n<td>_clck<\/td>\n<td>.anonimoplus.com<\/td>\n<td>Microsoft Clarity imposta questo cookie per mantenere l&#8217;ID utente del browser Clarity e le impostazioni uniche per quel sito. Questo assicura che le azioni intraprese durante le visite successive allo stesso sito siano associate allo stesso nome utente.<\/td>\n<td>1 anno<\/td>\n<td>Analitica<\/td>\n<\/tr>\n<tr>\n<td>_clsk<\/td>\n<td>.anonimoplus.com<\/td>\n<td>Microsoft Clarity imposta questo cookie per memorizzare e combinare le visualizzazioni di pagina di un utente in un&#8217;unica registrazione di sessione.<\/td>\n<td>1 giorno<\/td>\n<td>Analitica<\/td>\n<\/tr>\n<tr>\n<td>pys_session_limit<\/td>\n<td>.anonimoplus.com<\/td>\n<td>Il plugin PixelYourSite imposta questo cookie per gestire il servizio di analisi.<\/td>\n<td>1 ora<\/td>\n<td>Analitica<\/td>\n<\/tr>\n<tr>\n<td>pys_start_session<\/td>\n<td>.anonimoplus.com<\/td>\n<td>Il plugin PixelYourSite imposta questo cookie per gestire il servizio di analisi.<\/td>\n<td>sessione<\/td>\n<td>Analitica<\/td>\n<\/tr>\n<tr>\n<td>pys_first_visit<\/td>\n<td>.anonimoplus.com<\/td>\n<td>Il plugin PixelYourSite imposta questo cookie per gestire il servizio di analisi.<\/td>\n<td>7 giorni<\/td>\n<td>Analitica<\/td>\n<\/tr>\n<tr>\n<td>pysTrafficSource<\/td>\n<td>.anonimoplus.com<\/td>\n<td>Il plugin PixelYourSite imposta questo cookie per gestire il servizio di analisi.<\/td>\n<td>7 giorni<\/td>\n<td>Analitica<\/td>\n<\/tr>\n<tr>\n<td>pys_landing_page<\/td>\n<td>.anonimoplus.com<\/td>\n<td>Il plugin PixelYourSite imposta questo cookie per gestire il servizio di analisi.<\/td>\n<td>7 giorni<\/td>\n<td>Analitica<\/td>\n<\/tr>\n<tr>\n<td>last_pysTrafficSource<\/td>\n<td>.anonimoplus.com<\/td>\n<td>Il plugin PixelYourSite imposta questo cookie per gestire il servizio di analisi.<\/td>\n<td>7 giorni<\/td>\n<td>Analitica<\/td>\n<\/tr>\n<tr>\n<td>last_pys_landing_page<\/td>\n<td>.anonimoplus.com<\/td>\n<td>Il plugin PixelYourSite imposta questo cookie per gestire il servizio di analisi.<\/td>\n<td>7 giorni<\/td>\n<td>Analitica<\/td>\n<\/tr>\n<tr>\n<td>_fbp<\/td>\n<td>.anonimoplus.com<\/td>\n<td>Facebook imposta questo cookie per memorizzare e monitorare l&#8217;interazione.<\/td>\n<td>7 giorni<\/td>\n<td>Analitica<\/td>\n<\/tr>\n<tr>\n<td>nasa_curent_per_shipping<\/td>\n<td>.anonimoplus.com<\/td>\n<td>\/<\/td>\n<td>7 giorni<\/td>\n<td>Altro<\/td>\n<\/tr>\n<tr>\n<td>_ga_*<\/td>\n<td>.anonimoplus.com<\/td>\n<td>Google Analytics imposta questo cookie per memorizzare e contare le visualizzazioni di pagina.<\/td>\n<td>1 anno 1 mese 4 giorni<\/td>\n<td>Analitica<\/td>\n<\/tr>\n<tr>\n<td rowspan=\"2\">_ga<\/td>\n<td rowspan=\"2\">.anonimoplus.com<\/td>\n<td>Il cookie _ga, impostato da Google Analytics, calcola i dati sui visitatori, le sessioni e le campagne e traccia anche l&#8217;uso del sito web per report analitici.<\/td>\n<td rowspan=\"2\">1 anno 1 mese 4 giorni<\/td>\n<td rowspan=\"2\">Analitica<\/td>\n<\/tr>\n<tr>\n<td>Il cookie memorizza informazioni in modo anonimo e assegna un numero generato casualmente per identificare i visitatori unici.<\/td>\n<\/tr>\n<tr>\n<td>SM<\/td>\n<td>.c.clarity.ms<\/td>\n<td>Il cookie Microsoft Clarity imposta questo cookie per sincronizzare gli MUID tra i domini Microsoft.<\/td>\n<td>sessione<\/td>\n<td>Analitica<\/td>\n<\/tr>\n<tr>\n<td>MUID<\/td>\n<td>.clarity.ms<\/td>\n<td>Microsoft Bing imposta questo cookie per riconoscere i browser web unici che visitano i siti web Microsoft. Questi cookie vengono utilizzati per pubblicit\u00e0, analisi del sito web e altri scopi operativi.<\/td>\n<td>1 anno 24 giorni<\/td>\n<td>Pubblicit\u00e0<\/td>\n<\/tr>\n<tr>\n<td>MUID<\/td>\n<td>.bing.com<\/td>\n<td>Microsoft Bing imposta questo cookie per riconoscere i browser web unici che visitano i siti web Microsoft. Questi cookie vengono utilizzati per pubblicit\u00e0, analisi del sito web e altri scopi operativi.<\/td>\n<td>1 anno 24 giorni<\/td>\n<td>Pubblicit\u00e0<\/td>\n<\/tr>\n<tr>\n<td>MR<\/td>\n<td>.c.bing.com<\/td>\n<td>Questo cookie, impostato da Bing, viene utilizzato per raccogliere dati sugli utenti per scopi analitici.<\/td>\n<td>7 giorni<\/td>\n<td>Analitica<\/td>\n<\/tr>\n<tr>\n<td>SRM_B<\/td>\n<td>.c.bing.com<\/td>\n<td>Viene utilizzato da Microsoft Advertising come ID unico per i visitatori.<\/td>\n<td>1 anno 24 giorni<\/td>\n<td>Capacit\u00e0<\/td>\n<\/tr>\n<tr>\n<td>MR<\/td>\n<td>.c.clarity.ms<\/td>\n<td>Questo cookie, impostato da Bing, viene utilizzato per raccogliere dati sugli utenti per scopi analitici.<\/td>\n<td>7 giorni<\/td>\n<td>Analitica<\/td>\n<\/tr>\n<tr>\n<td>ANONCHK<\/td>\n<td>.c.clarity.ms<\/td>\n<td>Il cookie ANONCHK, impostato da Bing, viene utilizzato per memorizzare l&#8217;ID di sessione dell&#8217;utente e anche per tracciare i clic sugli annunci sui motori di ricerca Bing. Il cookie aiuta anche con report e personalizzazione.<\/td>\n<td>10 minuti<\/td>\n<td>Pubblicit\u00e0<\/td>\n<\/tr>\n<tr>\n<td>lastExternalReferrerTime<\/td>\n<td>.anonimoplus.com<\/td>\n<td>\/<\/td>\n<td>mai<\/td>\n<td>Altro<\/td>\n<\/tr>\n<tr>\n<td>lastExternalReferrer<\/td>\n<td>.anonimoplus.com<\/td>\n<td>\/<\/td>\n<td>mai<\/td>\n<td>Altro<\/td>\n<\/tr>\n<tr>\n<td>wc_cart_hash_4815c0e77d6043640404ac68872e083e<\/td>\n<td>.anonimoplus.com<\/td>\n<td>\/<\/td>\n<td>mai<\/td>\n<td>Altro<\/td>\n<\/tr>\n<tr>\n<td>wpEmojiSettingsSupports<\/td>\n<td>.anonimoplus.com<\/td>\n<td>WordPress imposta questo cookie quando un utente interagisce con emoji su un sito WordPress. Aiuta a determinare se il browser dell&#8217;utente pu\u00f2 visualizzare correttamente le emoji.<\/td>\n<td>sessione<\/td>\n<td>Obbligatorio<\/td>\n<\/tr>\n<tr>\n<td>wc_fragments_4815c0e77d6043640404ac68872e083e<\/td>\n<td>.anonimoplus.com<\/td>\n<td>\/<\/td>\n<td>sessione<\/td>\n<td>Altro<\/td>\n<\/tr>\n<tr>\n<td>_cltk<\/td>\n<td>.anonimoplus.com<\/td>\n<td>\/<\/td>\n<td>sessione<\/td>\n<td>Altro<\/td>\n<\/tr>\n<tr>\n<td>wc_cart_created<\/td>\n<td>.anonimoplus.com<\/td>\n<td>\/<\/td>\n<td>sessione<\/td>\n<td>Altro<\/td>\n<\/tr>\n<\/tbody>\n<\/table>\n<\/div><\/div><\/div><\/div>\n","protected":false},"excerpt":{"rendered":"","protected":false},"author":3,"featured_media":0,"parent":0,"menu_order":0,"comment_status":"closed","ping_status":"closed","template":"page-blank.php","meta":{"_acf_changed":false,"footnotes":""},"class_list":["post-11709","page","type-page","status-publish","hentry"],"acf":[],"_links":{"self":[{"href":"https:\/\/anonimoplus.com\/it\/wp-json\/wp\/v2\/pages\/11709","targetHints":{"allow":["GET"]}}],"collection":[{"href":"https:\/\/anonimoplus.com\/it\/wp-json\/wp\/v2\/pages"}],"about":[{"href":"https:\/\/anonimoplus.com\/it\/wp-json\/wp\/v2\/types\/page"}],"author":[{"embeddable":true,"href":"https:\/\/anonimoplus.com\/it\/wp-json\/wp\/v2\/users\/3"}],"replies":[{"embeddable":true,"href":"https:\/\/anonimoplus.com\/it\/wp-json\/wp\/v2\/comments?post=11709"}],"version-history":[{"count":0,"href":"https:\/\/anonimoplus.com\/it\/wp-json\/wp\/v2\/pages\/11709\/revisions"}],"wp:attachment":[{"href":"https:\/\/anonimoplus.com\/it\/wp-json\/wp\/v2\/media?parent=11709"}],"curies":[{"name":"wp","href":"https:\/\/api.w.org\/{rel}","templated":true}]}}