{"id":11700,"date":"2025-01-08T10:25:57","date_gmt":"2025-01-08T09:25:57","guid":{"rendered":"https:\/\/anonimoplus.com\/zasady-ochrany-osobnich-udaju\/"},"modified":"2025-11-20T15:34:46","modified_gmt":"2025-11-20T14:34:46","slug":"zasady-ochrany-osobnich-udaju","status":"publish","type":"page","link":"https:\/\/anonimoplus.com\/hu\/zasady-ochrany-osobnich-udaju\/","title":{"rendered":"Adatv\u00e9delmi ir\u00e1nyelv"},"content":{"rendered":"<div  class=\"section-element section-large-padding-top section-large-padding-bottom\"><div class=\"row\"><div class=\"large-12 nasa-col columns\"><div  class=\"wpb_text_column wpb_content_element\"><p><strong>\u00c9RTES\u00cdT\u00c9S AZ EGY\u00c9NEKNEK A 2016\/679\/EU RENDELET 13. CIKKE ALAPJ\u00c1N A SZEM\u00c9LYES ADATOK KEZEL\u00c9S\u00c9R\u0150L<\/strong><\/p>\n<p>A l\u00e1togat\u00f3k \u00e9s v\u00e1s\u00e1rl\u00f3k az online boltban https:\/\/anonimoplus.com\/<\/p>\n<p><strong>***<\/strong><\/p>\n<ul>\n<li>A szem\u00e9lyes adatok kezel\u0151je: MINETRADA, trgovina in storitve, d.o.o., Lokarje 31, 1217 Vodice, info@anonimoplus.com<\/li>\n<li>A szem\u00e9lyes adatok v\u00e9delm\u00e9\u00e9rt felel\u0151s szem\u00e9ly (DPO) el\u00e9rhet\u0151s\u00e9ge: e-mail c\u00edm: info@anonimoplus.com<\/li>\n<\/ul>\n<p>A t\u00e1rgy mez\u0151ben jel\u00f6lje meg: &#8222;SZEM\u00c9LYES ADATOK V\u00c9DELME, DPO r\u00e9sz\u00e9re&#8221;<\/p>\n<ul>\n<li>A szem\u00e9lyes adatok kezel\u00e9s\u00e9nek c\u00e9lja: Szem\u00e9lyes adatait kisebb m\u00e9rt\u00e9kben \u00e9s csak az \u00d6n hozz\u00e1j\u00e1rul\u00e1s\u00e1val dolgozzuk fel, amikor a weboldalunkat b\u00f6ng\u00e9szi, a s\u00fctik alapj\u00e1n, amelyeket \u00d6n elfogad, hogy let\u00f6ltsenek a sz\u00e1m\u00edt\u00f3g\u00e9p\u00e9re vagy az eszk\u00f6z\u00e9re, amelyen a weboldalunkat b\u00f6ng\u00e9szi. Tov\u00e1bbi inform\u00e1ci\u00f3t olvashat a s\u00fctikr\u0151l, arr\u00f3l, hogy mely szem\u00e9lyes adatait dolgozzuk fel ezek alapj\u00e1n, milyen c\u00e9lb\u00f3l \u00e9s milyen id\u0151tartamra t\u00e1roljuk ezeket az adatokat a weboldalunkon k\u00f6zz\u00e9tett s\u00fcti \u00e9rtes\u00edt\u0151ben. Szem\u00e9lyes adatait az al\u00e1bbi esetekben is feldolgozzuk:<\/li>\n<li>A v\u00e1s\u00e1rl\u00e1s sikeres befejez\u00e9se \u00e9s az \u00e1ruk kisz\u00e1ll\u00edt\u00e1sa \u00e9rdek\u00e9ben a k\u00f6vetkez\u0151 kateg\u00f3ri\u00e1j\u00fa szem\u00e9lyes adatokat dolgozzuk fel \u00d6nr\u0151l: e-mail c\u00edm, telefonsz\u00e1m, keresztn\u00e9v \u00e9s vezet\u00e9kn\u00e9v, utca \u00e9s h\u00e1zsz\u00e1m, ir\u00e1ny\u00edt\u00f3sz\u00e1m \u00e9s v\u00e1ros, valamint az \u00e1ruk sikeres kifizet\u00e9s\u00e9hez sz\u00fcks\u00e9ges adatok (pl. k\u00e1rtyasz\u00e1m stb.); a k\u00f6telez\u0151en megadand\u00f3 adatokat csillaggal (*) jel\u00f6lj\u00fck a \u0171rlapon; a kapcsolatfelv\u00e9teli inform\u00e1ci\u00f3kra els\u0151sorban az \u00e1ruk helyes kisz\u00e1ll\u00edt\u00e1sa \u00e9rdek\u00e9ben van sz\u00fcks\u00e9g, amely sor\u00e1n ezt az inform\u00e1ci\u00f3t tov\u00e1bb\u00edtjuk a sz\u00e1ll\u00edt\u00f3 szolg\u00e1ltat\u00e1snak, hogy fel tudja venni \u00d6nnel a kapcsolatot a kisz\u00e1ll\u00edt\u00e1s c\u00e9lj\u00e1b\u00f3l.<\/li>\n<li>H\u00edrek k\u00fcld\u00e9s\u00e9re az \u00d6n e-mail c\u00edm\u00e9t gy\u0171jtj\u00fck<\/li>\n<li>Regisztr\u00e1ci\u00f3s fi\u00f3k l\u00e9trehoz\u00e1s\u00e1hoz \u00e9s kezel\u00e9s\u00e9hez minden adatot meg\u0151rizz\u00fck \u00d6nr\u0151l, mint az els\u0151 bekezd\u00e9sben, \u00e9s \u00d6nnek felhaszn\u00e1l\u00f3nevet \u00e9s jelsz\u00f3t is rendel\u00fcnk, amelyet megv\u00e1ltoztathat<\/li>\n<\/ul>\n<p>A fent eml\u00edtett c\u00e9lokon k\u00edv\u00fcl szem\u00e9lyes adatait a megkeres\u00e9sei, panaszai kezel\u00e9s\u00e9re is feldolgozzuk, a panaszok megold\u00e1s\u00e1nak c\u00e9lj\u00e1b\u00f3l, valamint abban az esetben, ha meg kell v\u00e9den\u00fcnk saj\u00e1t jogi, p\u00e9nz\u00fcgyi \u00e9s egy\u00e9b \u00e9rdekeinket (pl. vissza\u00e9l\u00e9sek \u00e9s k\u00e1rokoz\u00e1s \u00e9szlel\u00e9se \u00e9s megel\u0151z\u00e9se, nem kifizetett \u00f6sszegek behajt\u00e1sa stb.). E c\u00e9lok \u00e9rdek\u00e9ben a fent felsorolt szem\u00e9lyes adatok kateg\u00f3ri\u00e1it dolgozzuk fel (figyelembe v\u00e9ve a minimalit\u00e1s elv\u00e9t), valamint az \u00d6n IP-c\u00edm\u00e9t (a weboldalra gyakorolt vissza\u00e9l\u00e9sek \u00e9s k\u00e1rokoz\u00e1s megel\u0151z\u00e9se \u00e9rdek\u00e9ben).<\/p>\n<p>A kezel\u0151 az \u00d6n szem\u00e9lyes adatait a port\u00e1l l\u00e1togat\u00e1sainak elemz\u00e9s\u00e9re \u00e9s a port\u00e1l m\u0171k\u00f6d\u00e9s\u00e9nek \u00e9s szolg\u00e1ltat\u00e1sainak jav\u00edt\u00e1s\u00e1ra fogja haszn\u00e1lni. A rendszer automatikusan r\u00f6gz\u00edti az \u00d6nre vonatkoz\u00f3 inform\u00e1ci\u00f3kat, amelyek alapj\u00e1n a kezel\u0151 betekint\u00e9st nyer abba, hogyan b\u00f6ng\u00e9szi \u00e9s haszn\u00e1lja a weboldalt. Ez a betekint\u00e9s lehet\u0151v\u00e9 teszi az adminisztr\u00e1tor sz\u00e1m\u00e1ra, hogy kutat\u00e1sokat \u00e9s elemz\u00e9seket v\u00e9gezzen saj\u00e1t sz\u00fcks\u00e9gleteihez a felhaszn\u00e1l\u00f3i \u00e9lm\u00e9ny \u00e9s szolg\u00e1ltat\u00e1sainak jav\u00edt\u00e1sa \u00e9rdek\u00e9ben, valamint biztons\u00e1gi okokb\u00f3l \u00e9s statisztikai feldolgoz\u00e1s c\u00e9lj\u00e1b\u00f3l. Az a inform\u00e1ci\u00f3, amelyet a rendszer automatikusan r\u00f6gz\u00edt \u00d6nre vonatkoz\u00f3an, a megl\u00e1togatott weboldalak, a haszn\u00e1lt webb\u00f6ng\u00e9sz\u0151, valamint a szem\u00e9lyes adatok k\u00f6z\u00fcl az IP-c\u00edm, ahonnan a port\u00e1lt haszn\u00e1lja.<\/p>\n<ul>\n<li>A szem\u00e9lyes adatok kezel\u00e9s\u00e9nek jogalapja:<\/li>\n<\/ul>\n<p>\u25e6 az \u00d6n hozz\u00e1j\u00e1rul\u00e1sa (h\u00edrek k\u00fcld\u00e9s\u00e9re) a GDPR 6\/1 a cikk\u00e9nek megfelel\u0151en<\/p>\n<p>\u25e6 amikor a feldolgoz\u00e1s sz\u00fcks\u00e9ges jogi k\u00f6telezetts\u00e9geink teljes\u00edt\u00e9s\u00e9hez (pl. ad\u00f3z\u00e1si szab\u00e1lyoknak val\u00f3 megfelel\u00e9s, valamint az elektronikus kommunik\u00e1ci\u00f3r\u00f3l sz\u00f3l\u00f3 t\u00f6rv\u00e9nynek val\u00f3 megfelel\u00e9s) a GDPR 6\/1 c cikk\u00e9nek megfelel\u0151en<\/p>\n<p>\u25e6 amikor a feldolgoz\u00e1s sz\u00fcks\u00e9ges a k\u00f6z\u00f6tt\u00fcnk \u00e9s \u00d6n k\u00f6z\u00f6tt l\u00e9trej\u00f6tt szerz\u0151d\u00e9s teljes\u00edt\u00e9s\u00e9hez, vagy a szerz\u0151d\u00e9s megk\u00f6t\u00e9se el\u0151tt az \u00d6n k\u00e9r\u00e9s\u00e9re tett int\u00e9zked\u00e9sek v\u00e9grehajt\u00e1s\u00e1hoz (pl. a rendel\u00e9se feldolgoz\u00e1sa, a felhaszn\u00e1l\u00f3i fi\u00f3k kezel\u00e9se, a megkeres\u00e9sei feldolgoz\u00e1sa stb.) a GDPR 6\/1 b cikk\u00e9nek megfelel\u0151en<\/p>\n<p>\u25e6 a kezel\u0151 jogos \u00e9rdeke (pl. saj\u00e1t jogi \u00e9rdekeink \u00e9rv\u00e9nyes\u00edt\u00e9se \u00e9s v\u00e9delme, vissza\u00e9l\u00e9sek \u00e9s k\u00e1rokoz\u00e1s megel\u0151z\u00e9se stb.) a GDPR 6\/1 f cikk\u00e9nek megfelel\u0151en<\/p>\n<p>Azokat a szem\u00e9lyes adatokat, amelyeket a jelenlegi vagy potenci\u00e1lis szerz\u0151d\u00e9ses egy\u00fcttm\u0171k\u00f6d\u00e9s\u00fcnk alapj\u00e1n gy\u0171jt\u00fcnk (azaz azokat a szem\u00e9lyes adatokat, amelyeket az \u00d6n rendel\u00e9s\u00e9nek teljes\u00edt\u00e9se \u00e9rdek\u00e9ben vagy a megkeres\u00e9s\u00e9re val\u00f3 v\u00e1laszad\u00e1s \u00e9rdek\u00e9ben gy\u0171jt\u00fcnk), meg kell adnia nek\u00fcnk, k\u00fcl\u00f6nben nem tudjuk elfogadni \u00e9s teljes\u00edteni a rendel\u00e9s\u00e9t, sem v\u00e1laszolni a megkeres\u00e9s\u00e9re.<\/p>\n<p>Ugyanez vonatkozik azokra a szem\u00e9lyes adatokra is, amelyeket az \u00d6n jogi k\u00f6telezetts\u00e9geink teljes\u00edt\u00e9se \u00e9rdek\u00e9ben gy\u0171jt\u00fcnk (azaz azokra a k\u00f6telezetts\u00e9gekre, amelyeket t\u00f6rv\u00e9ny szerint teljes\u00edten\u00fcnk kell). Ebben az esetben is, ha nem adja meg a k\u00e9rt szem\u00e9lyes adatokat, az egy\u00fcttm\u0171k\u00f6d\u00e9s\u00fcnk nem lesz lehets\u00e9ges.<\/p>\n<p>Az \u00d6n hozz\u00e1j\u00e1rul\u00e1sa alapj\u00e1n a kezel\u0151 id\u0151nk\u00e9nt h\u00edreket \u00e9s \u00e9rtes\u00edt\u00e9seket k\u00fcld \u00d6nnek tev\u00e9kenys\u00e9geir\u0151l, h\u00edrekr\u0151l \u00e9s a kezel\u0151 tev\u00e9kenys\u00e9geivel kapcsolatos szolg\u00e1ltat\u00e1sokr\u00f3l (k\u00f6zvetlen marketing) az \u00d6n \u00e1ltal megadott e-mail c\u00edmre. Minden elk\u00fcld\u00f6tt \u00fczenetben lehet\u0151s\u00e9ge lesz leiratkozni a hasonl\u00f3 \u00fczenetek tov\u00e1bbi fogad\u00e1s\u00e1r\u00f3l. Az \u00d6n e-mail c\u00edme mellett a kezel\u0151 az \u00d6n IP-c\u00edm\u00e9t \u00e9s a regisztr\u00e1ci\u00f3 d\u00e1tum\u00e1t \u00e9s idej\u00e9t is feldolgozza a le\u00edrt c\u00e9lb\u00f3l.<\/p>\n<p>A v\u00e1llalat \u00e1ltal a v\u00e1s\u00e1rl\u00f3t\u00f3l megszerzett e-mail c\u00edm a 158. cikk 2. bekezd\u00e9se szerint az Elektronikus Kommunik\u00e1ci\u00f3s T\u00f6rv\u00e9ny (ZEKom-1) alapj\u00e1n a c\u00e9g hasonl\u00f3 term\u00e9kek\/szolg\u00e1ltat\u00e1sok k\u00f6zvetlen marketingj\u00e9re is felhaszn\u00e1lhat\u00f3. Ebben az esetben a c\u00edmzett egy\u00e9rtelm\u0171en megkapja a lehet\u0151s\u00e9get a marketing\u00fczenetben, hogy k\u00e9rje az e-mail c\u00edm\u00e9nek ezen c\u00e9lb\u00f3l t\u00f6rt\u00e9n\u0151 haszn\u00e1lat\u00e1nak le\u00e1ll\u00edt\u00e1s\u00e1t.<\/p>\n<ul>\n<li>A jogos \u00e9rdekek magyar\u00e1zata[1]: Az emberek \u00e9s vagyon biztons\u00e1ga, valamint a kezel\u0151 jogi \u00e9rdekeinek v\u00e9delme \u2013 szem\u00e9lyes adatokat dolgozunk fel, amikor az egy\u00e9n megszegi a szerz\u0151d\u00e9st, vagy amikor f\u00e9lre\u00e9rt\u00e9s mer\u00fcl fel a szerz\u0151d\u00e9s v\u00e9grehajt\u00e1sa sor\u00e1n a kezel\u0151 \u00e9s az egy\u00e9n k\u00f6z\u00f6tt. Ebben az esetben a kezel\u0151 a szem\u00e9lyes adatokat az egy\u00e9n vagyon\u00e1nak v\u00e9delme \u00e9s jogi \u00e9rdekeinek \u00e9rv\u00e9nyes\u00edt\u00e9se (v\u00e9delme) \u00e9rdek\u00e9ben dolgozza fel. Szem\u00e9lyes adatokat gy\u0171jt\u00fcnk annak \u00e9rdek\u00e9ben is, hogy hat\u00e9konyabban teljes\u00edthess\u00fck jogi k\u00f6telezetts\u00e9geinket, p\u00e9ld\u00e1ul az ad\u00f3z\u00e1si szab\u00e1lyoknak val\u00f3 megfelel\u00e9s \u00e9rdek\u00e9ben egyes esetekben. A kezel\u0151 a jogos \u00e9rdekeinek alapj\u00e1n dolgozza fel a szem\u00e9lyes adatokat, amelyeket a kezel\u0151 k\u00f6vet, kiv\u00e9ve, ha ezek az \u00e9rdekek fel\u00fcl\u00edr\u00f3dnak az egy\u00e9n \u00e9rdekeivel vagy alapvet\u0151 jogaival \u00e9s szabads\u00e1gaival, amelyek megk\u00f6vetelik a szem\u00e9lyes adatok v\u00e9delm\u00e9t. A kezel\u0151 jogi hat\u00e1svizsg\u00e1latot (LIA) v\u00e9gez a szem\u00e9lyes adatok jogos \u00e9rdek alapj\u00e1n t\u00f6rt\u00e9n\u0151 feldolgoz\u00e1sa el\u0151tt.<\/li>\n<\/ul>\n<p>Felhaszn\u00e1l\u00f3k vagy felhaszn\u00e1l\u00f3i kateg\u00f3ri\u00e1k[2] a szem\u00e9lyes adatokkal kapcsolatban, ha vannak: A m\u0171k\u00f6d\u00e9s\u00e9nek optimaliz\u00e1l\u00e1sa \u00e9rdek\u00e9ben a kezel\u0151 egy\u00fcttm\u0171k\u00f6dik egyes szerz\u0151d\u00e9ses feldolgoz\u00f3kkal, akik a kezel\u0151 sz\u00e1m\u00e1ra ny\u00fajtott szolg\u00e1ltat\u00e1sok keret\u00e9ben szint\u00e9n feldolgozz\u00e1k az \u00d6n szem\u00e9lyes adatait bizonyos m\u00e9rt\u00e9kben. Ilyen szerz\u0151d\u00e9ses feldolgoz\u00f3k a programoz\u00f3k, weboldal szerkeszt\u0151k, IT tan\u00e1csad\u00f3k, k\u00fcls\u0151 k\u00f6nyvel\u0151k, jogi tan\u00e1csad\u00f3k, felh\u0151- \u00e9s e-mail szolg\u00e1ltat\u00f3k, fizet\u00e9si int\u00e9zm\u00e9nyek (bankok) \u00e9s egy\u00e9b k\u00f6zvet\u00edt\u0151k, akikkel a kezel\u0151 egy\u00fcttm\u0171k\u00f6dik az online fizet\u00e9si szolg\u00e1ltat\u00e1sok, sz\u00e1ll\u00edt\u00e1si szolg\u00e1ltat\u00e1sok stb. lehet\u0151v\u00e9 t\u00e9tele \u00e9rdek\u00e9ben.<\/p>\n<p>Ezek a szem\u00e9lyek mindegyike szem\u00e9lyes adatkezel\u00e9si szerz\u0151d\u00e9st k\u00f6t\u00f6tt a kezel\u0151vel, ami azt jelenti, hogy a megb\u00edzott adatokat kiz\u00e1r\u00f3lag a kezel\u0151 nev\u00e9ben, a hat\u00e1sk\u00f6r\u00e9nek\/utas\u00edt\u00e1sainak keretein bel\u00fcl (ahogy azt a szerz\u0151d\u00e9s vagy m\u00e1s jogi aktus meghat\u00e1rozza) \u00e9s a jelen adatv\u00e9delmi ir\u00e1nyelvben \u00e9s a kezel\u0151 \u00e9s a szerz\u0151d\u00e9ses feldolgoz\u00f3 k\u00f6z\u00f6tti szerz\u0151d\u00e9sben meghat\u00e1rozott c\u00e9loknak megfelel\u0151en dolgozhatj\u00e1k fel.<\/p>\n<p>A saj\u00e1t jogi k\u00f6telezetts\u00e9geinek teljes\u00edt\u00e9se \u00e9rdek\u00e9ben a kezel\u0151 az el\u0151\u00edrt m\u00e9rt\u00e9kben \u00e1tadja az \u00d6n adatait az \u00e1llami hat\u00f3s\u00e1goknak \u00e9s int\u00e9zm\u00e9nyeknek (pl. a Szlov\u00e9n K\u00f6zt\u00e1rsas\u00e1g P\u00e9nz\u00fcgyi Igazgat\u00f3s\u00e1ga).<\/p>\n<p>A kezel\u0151 nem adja \u00e1t az \u00d6n szem\u00e9lyes adatait jogosulatlan harmadik feleknek.<\/p>\n<ul>\n<li>Inform\u00e1ci\u00f3k a szem\u00e9lyes adatok harmadik orsz\u00e1gba vagy nemzetk\u00f6zi szervezethez t\u00f6rt\u00e9n\u0151 \u00e1tad\u00e1s\u00e1r\u00f3l: nincs \u00e1tad\u00e1s<\/li>\n<\/ul>\n<p>A szem\u00e9lyes adatok meg\u0151rz\u00e9si id\u0151tartama vagy, ha ez nem lehets\u00e9ges, a meg\u0151rz\u00e9si id\u0151szak meghat\u00e1roz\u00e1s\u00e1hoz haszn\u00e1lt krit\u00e9riumok:<\/p>\n<p>Szem\u00e9lyes adatait csak a feldolgoz\u00e1s c\u00e9ljainak el\u00e9r\u00e9s\u00e9hez sz\u00fcks\u00e9ges m\u00e9rt\u00e9kben \u00e9s addig dolgozzuk fel, ameddig sz\u00fcks\u00e9ges e c\u00e9lok megval\u00f3s\u00edt\u00e1s\u00e1hoz.<\/p>\n<p>Szem\u00e9lyes adatokat addig dolgozunk fel, am\u00edg a gy\u0171jt\u00e9s\u00fck c\u00e9lja teljes\u00fcl, k\u00fcl\u00f6n\u00f6sen, ha a szem\u00e9lyes adatok feldolgoz\u00e1sa sz\u00fcks\u00e9ges egy vel\u00fcnk k\u00f6t\u00f6tt szerz\u0151d\u00e9s teljes\u00edt\u00e9se \u00e9rdek\u00e9ben, amely konkr\u00e9t esetben 5 \u00e9v a szerz\u0151d\u00e9ses kapcsolat megsz\u0171n\u00e9s\u00e9t\u0151l sz\u00e1m\u00edtva, hacsak nincs tov\u00e1bbi feldolgoz\u00e1s m\u00e1s jogalap alapj\u00e1n (pl. jogi \u00e9rdekeink v\u00e9delme \u00e9rdek\u00e9ben), \u00e9s kiv\u00e9ve azokat az eseteket, amikor a szem\u00e9lyes adatok meg\u0151rz\u00e9si id\u0151tartam\u00e1t t\u00f6rv\u00e9ny \u00edrja el\u0151. Ezekben az esetekben a jogi rendelkez\u00e9seknek megfelel\u0151en t\u00e1roljuk az \u00d6n szem\u00e9lyes adatait, vagy legfeljebb 5 \u00e9vig a c\u00e9l lej\u00e1rta ut\u00e1n, amely c\u00e9lb\u00f3l tov\u00e1bbi feldolgoz\u00e1st v\u00e9gezt\u00fcnk.<\/p>\n<p>A szem\u00e9lyes adatokat, amelyeket kiz\u00e1r\u00f3lag az \u00d6n hozz\u00e1j\u00e1rul\u00e1sa alapj\u00e1n gy\u0171jt\u00fcnk \u00e9s dolgozunk fel, a hozz\u00e1j\u00e1rul\u00e1s visszavon\u00e1sakor abbahagyjuk a feldolgoz\u00e1st.<\/p>\n<p>Ha a jelen adatv\u00e9delmi ir\u00e1nyelvben vagy m\u00e1s jogi, szab\u00e1lyoz\u00e1si vagy bels\u0151 aktusban m\u00e1sk\u00e9nt nem rendelkeznek, a szem\u00e9lyes adatok feldolgoz\u00e1s\u00e1nak c\u00e9lja teljes\u00fcltnek tekintend\u0151, amikor a maxim\u00e1lis el\u00e9v\u00fcl\u00e9si id\u0151, amely alatt a k\u00f6vetel\u00e9seket \u00e9rv\u00e9nyes\u00edteni vagy v\u00e9deni lehet, lej\u00e1r (az \u00e1ltal\u00e1nos el\u00e9v\u00fcl\u00e9si id\u0151 5 \u00e9v, kiv\u00e9telesen r\u00f6videbb \u2013 1 vagy 3 \u00e9v, vagy hosszabb \u2013 10 \u00e9v).<\/p>\n<ul>\n<li>Inform\u00e1ci\u00f3k az egy\u00e9n jogair\u00f3l a szem\u00e9lyes adatokhoz val\u00f3 hozz\u00e1f\u00e9r\u00e9s, a szem\u00e9lyes adatok helyesb\u00edt\u00e9se vagy t\u00f6rl\u00e9se, vagy a feldolgoz\u00e1s korl\u00e1toz\u00e1sa ir\u00e1nti k\u00e9relem beny\u00fajt\u00e1s\u00e1ra vonatkoz\u00f3an, vagy a feldolgoz\u00e1s ellen val\u00f3 jog \u00e9s az adathordozhat\u00f3s\u00e1ghoz val\u00f3 jog: \u00cdr\u00e1sbeli k\u00e9relem beny\u00fajt\u00e1s\u00e1val a kezel\u0151 c\u00edm\u00e9re vagy e-mailben az info@anonimoplus.com c\u00edmre az egy\u00e9n k\u00e9rheti a szem\u00e9lyes adatokhoz val\u00f3 hozz\u00e1f\u00e9r\u00e9st, kieg\u00e9sz\u00edt\u00e9st, helyesb\u00edt\u00e9st, blokkol\u00e1st vagy a feldolgoz\u00e1s korl\u00e1toz\u00e1s\u00e1t, vagy a szem\u00e9lyes adatok t\u00f6rl\u00e9s\u00e9t, kifog\u00e1solhatja a r\u00e1 vonatkoz\u00f3 adatok feldolgoz\u00e1s\u00e1t, \u00e9s k\u00e9rheti az adatok \u00e1tvitel\u00e9t. A kezel\u0151 az egy\u00e9n k\u00e9relm\u00e9t a szem\u00e9lyes adatok feldolgoz\u00e1s\u00e1nak jogalapja alapj\u00e1n fogja elb\u00edr\u00e1lni. Inform\u00e1ci\u00f3 a hozz\u00e1j\u00e1rul\u00e1s visszavon\u00e1s\u00e1nak jog\u00e1r\u00f3l, ha a feldolgoz\u00e1s a hozz\u00e1j\u00e1rul\u00e1son alapul: \u00d6n b\u00e1rmikor visszavonhatja a hozz\u00e1j\u00e1rul\u00e1s\u00e1t an\u00e9lk\u00fcl, hogy ez befoly\u00e1soln\u00e1 a hozz\u00e1j\u00e1rul\u00e1s visszavon\u00e1sa el\u0151tt v\u00e9gzett adatfeldolgoz\u00e1s jogszer\u0171s\u00e9g\u00e9t.<\/li>\n<\/ul>\n<ul>\n<li>Inform\u00e1ci\u00f3k a panasz beny\u00fajt\u00e1s\u00e1nak jog\u00e1r\u00f3l egy fel\u00fcgyeleti hat\u00f3s\u00e1ghoz: Panaszt ny\u00fajthat be az Inform\u00e1ci\u00f3s Biztoshoz (c\u00edm: Dunajska 22, 1000 Ljubljana, e-mail: gp.ip@ip-rs.si, telefon: 012309730, weboldal: www.ip-rs.si).<\/li>\n<li>Inform\u00e1ci\u00f3k az automatiz\u00e1lt d\u00f6nt\u00e9shozatal l\u00e9tez\u00e9s\u00e9r\u0151l, bele\u00e9rtve a profilalkot\u00e1st, \u00e9s legal\u00e1bb ilyen esetekben \u00e9rdemi inform\u00e1ci\u00f3k a d\u00f6nt\u00e9s okair\u00f3l, valamint az ilyen feldolgoz\u00e1s jelent\u0151s\u00e9ge \u00e9s v\u00e1rhat\u00f3 k\u00f6vetkezm\u00e9nyei az \u00e9rintett sz\u00e1m\u00e1ra: N\/A<\/li>\n<\/ul>\n<table width=\"1637\">\n<tbody>\n<tr>\n<td width=\"168\"><strong>S\u00fctik<\/strong><\/td>\n<td width=\"115\"><strong>Doma<\/strong><\/td>\n<td width=\"1180\"><strong>Le\u00edr\u00e1s<\/strong><\/td>\n<td width=\"87\"><strong>Id\u0151tartam<\/strong><\/td>\n<td width=\"87\"><strong>T\u00edpus<\/strong><\/td>\n<\/tr>\n<tr>\n<td>CLID<\/td>\n<td><a href=\"http:\/\/www.clarity.ms\/\">www.clarity.ms\u00a0<\/a><\/td>\n<td>A Microsoft Clarity ezt a s\u00fctit \u00e1ll\u00edtja be, hogy t\u00e1rolja az inform\u00e1ci\u00f3kat arr\u00f3l, hogyan l\u00e9pnek interakci\u00f3ba a l\u00e1togat\u00f3k a weboldallal. A s\u00fcti seg\u00edt az analitikai jelent\u00e9sek k\u00e9sz\u00edt\u00e9s\u00e9ben. A gy\u0171jt\u00f6tt adatok k\u00f6z\u00e9 tartozik a l\u00e1togat\u00f3k sz\u00e1ma, hogy hol l\u00e1togatj\u00e1k a weboldalt, \u00e9s mely oldalakat l\u00e1togatj\u00e1k meg.<\/td>\n<td>1 \u00e9v<\/td>\n<td>Analitika<\/td>\n<\/tr>\n<tr>\n<td>_clck<\/td>\n<td>.anonimoplus.com<\/td>\n<td>A Microsoft Clarity ezt a s\u00fctit \u00e1ll\u00edtja be, hogy meg\u0151rizze a Clarity b\u00f6ng\u00e9sz\u0151 felhaszn\u00e1l\u00f3i azonos\u00edt\u00f3j\u00e1t \u00e9s a webhelyhez egyedileg tartoz\u00f3 be\u00e1ll\u00edt\u00e1sokat. Ez biztos\u00edtja, hogy a k\u00f6vetkez\u0151 l\u00e1togat\u00e1sok sor\u00e1n v\u00e9gzett m\u0171veletek ugyanahhoz a felhaszn\u00e1l\u00f3n\u00e9vhez legyenek t\u00e1rs\u00edtva.<\/td>\n<td>1 \u00e9v<\/td>\n<td>Analitika<\/td>\n<\/tr>\n<tr>\n<td>_clsk<\/td>\n<td>.anonimoplus.com<\/td>\n<td>A Microsoft Clarity ezt a s\u00fctit \u00e1ll\u00edtja be, hogy t\u00e1rolja \u00e9s egyes\u00edtse a felhaszn\u00e1l\u00f3 oldalmegtekint\u00e9seit egyetlen munkamenetrekordba.<\/td>\n<td>1 nap<\/td>\n<td>Analitika<\/td>\n<\/tr>\n<tr>\n<td>pys_session_limit<\/td>\n<td>.anonimoplus.com<\/td>\n<td>A PixelYourSite b\u0151v\u00edtm\u00e9ny ezt a s\u00fctit \u00e1ll\u00edtja be az analitikai szolg\u00e1ltat\u00e1s kezel\u00e9s\u00e9re.<\/td>\n<td>1 \u00f3ra<\/td>\n<td>Analitika<\/td>\n<\/tr>\n<tr>\n<td>pys_start_session<\/td>\n<td>.anonimoplus.com<\/td>\n<td>A PixelYourSite b\u0151v\u00edtm\u00e9ny ezt a s\u00fctit \u00e1ll\u00edtja be az analitikai szolg\u00e1ltat\u00e1s kezel\u00e9s\u00e9re.<\/td>\n<td>munkamenet<\/td>\n<td>Analitika<\/td>\n<\/tr>\n<tr>\n<td>pys_first_visit<\/td>\n<td>.anonimoplus.com<\/td>\n<td>A PixelYourSite b\u0151v\u00edtm\u00e9ny ezt a s\u00fctit \u00e1ll\u00edtja be az analitikai szolg\u00e1ltat\u00e1s kezel\u00e9s\u00e9re.<\/td>\n<td>7 nap<\/td>\n<td>Analitika<\/td>\n<\/tr>\n<tr>\n<td>pysTrafficSource<\/td>\n<td>.anonimoplus.com<\/td>\n<td>A PixelYourSite b\u0151v\u00edtm\u00e9ny ezt a s\u00fctit \u00e1ll\u00edtja be az analitikai szolg\u00e1ltat\u00e1s kezel\u00e9s\u00e9re.<\/td>\n<td>7 nap<\/td>\n<td>Analitika<\/td>\n<\/tr>\n<tr>\n<td>pys_landing_page<\/td>\n<td>.anonimoplus.com<\/td>\n<td>A PixelYourSite b\u0151v\u00edtm\u00e9ny ezt a s\u00fctit \u00e1ll\u00edtja be az analitikai szolg\u00e1ltat\u00e1s kezel\u00e9s\u00e9re.<\/td>\n<td>7 nap<\/td>\n<td>Analitika<\/td>\n<\/tr>\n<tr>\n<td>last_pysTrafficSource<\/td>\n<td>.anonimoplus.com<\/td>\n<td>A PixelYourSite b\u0151v\u00edtm\u00e9ny ezt a s\u00fctit \u00e1ll\u00edtja be az analitikai szolg\u00e1ltat\u00e1s kezel\u00e9s\u00e9re.<\/td>\n<td>7 nap<\/td>\n<td>Analitika<\/td>\n<\/tr>\n<tr>\n<td>last_pys_landing_page<\/td>\n<td>.anonimoplus.com<\/td>\n<td>A PixelYourSite b\u0151v\u00edtm\u00e9ny ezt a s\u00fctit \u00e1ll\u00edtja be az analitikai szolg\u00e1ltat\u00e1s kezel\u00e9s\u00e9re.<\/td>\n<td>7 nap<\/td>\n<td>Analitika<\/td>\n<\/tr>\n<tr>\n<td>_fbp<\/td>\n<td>.anonimoplus.com<\/td>\n<td>A Facebook ezt a s\u00fctit \u00e1ll\u00edtja be az interakci\u00f3k t\u00e1rol\u00e1s\u00e1ra \u00e9s nyomon k\u00f6vet\u00e9s\u00e9re.<\/td>\n<td>7 nap<\/td>\n<td>Analitika<\/td>\n<\/tr>\n<tr>\n<td>nasa_curent_per_shipping<\/td>\n<td>.anonimoplus.com<\/td>\n<td>\/<\/td>\n<td>7 nap<\/td>\n<td>Egy\u00e9b<\/td>\n<\/tr>\n<tr>\n<td>_ga_*<\/td>\n<td>.anonimoplus.com<\/td>\n<td>A Google Analytics ezt a s\u00fctit \u00e1ll\u00edtja be az oldalmegtekint\u00e9sek t\u00e1rol\u00e1s\u00e1ra \u00e9s sz\u00e1mol\u00e1s\u00e1ra.<\/td>\n<td>1 \u00e9v 1 h\u00f3nap 4 nap<\/td>\n<td>Analitika<\/td>\n<\/tr>\n<tr>\n<td rowspan=\"2\">_ga<\/td>\n<td rowspan=\"2\">.anonimoplus.com<\/td>\n<td>A _ga s\u00fcti, amelyet a Google Analytics \u00e1ll\u00edt be, a l\u00e1togat\u00f3k, munkamenetek \u00e9s kamp\u00e1nyadatok kisz\u00e1m\u00edt\u00e1s\u00e1ra szolg\u00e1l, \u00e9s nyomon k\u00f6veti a weboldal haszn\u00e1lat\u00e1t a weboldal analitikai jelent\u00e9seihez.<\/td>\n<td rowspan=\"2\">1 \u00e9v 1 h\u00f3nap 4 nap<\/td>\n<td rowspan=\"2\">Analitika<\/td>\n<\/tr>\n<tr>\n<td>A s\u00fcti anonim m\u00f3don t\u00e1rolja az inform\u00e1ci\u00f3kat, \u00e9s egy v\u00e9letlenszer\u0171en gener\u00e1lt sz\u00e1mot rendel a l\u00e1togat\u00f3k azonos\u00edt\u00e1s\u00e1hoz.<\/td>\n<\/tr>\n<tr>\n<td>SM<\/td>\n<td>.c.clarity.ms<\/td>\n<td>A Microsoft Clarity s\u00fcti ezt a s\u00fctit \u00e1ll\u00edtja be a MUID-k szinkroniz\u00e1l\u00e1s\u00e1ra a Microsoft domainjei k\u00f6z\u00f6tt.<\/td>\n<td>munkamenet<\/td>\n<td>Analitika<\/td>\n<\/tr>\n<tr>\n<td>MUID<\/td>\n<td>.clarity.ms<\/td>\n<td>A Microsoft Bing ezt a s\u00fctit \u00e1ll\u00edtja be az egyedi webb\u00f6ng\u00e9sz\u0151k felismer\u00e9s\u00e9re, amelyek Microsoft weboldalakat l\u00e1togatnak. Ezeket a s\u00fctiket hirdet\u00e9si, weboldal-analitikai \u00e9s egy\u00e9b m\u0171k\u00f6d\u00e9si c\u00e9lokra haszn\u00e1lj\u00e1k.<\/td>\n<td>1 \u00e9v 24 nap<\/td>\n<td>Hirdet\u00e9s<\/td>\n<\/tr>\n<tr>\n<td>MUID<\/td>\n<td>.bing.com<\/td>\n<td>A Microsoft Bing ezt a s\u00fctit \u00e1ll\u00edtja be az egyedi webb\u00f6ng\u00e9sz\u0151k felismer\u00e9s\u00e9re, amelyek Microsoft weboldalakat l\u00e1togatnak. Ezeket a s\u00fctiket hirdet\u00e9si, weboldal-analitikai \u00e9s egy\u00e9b m\u0171k\u00f6d\u00e9si c\u00e9lokra haszn\u00e1lj\u00e1k.<\/td>\n<td>1 \u00e9v 24 nap<\/td>\n<td>Hirdet\u00e9s<\/td>\n<\/tr>\n<tr>\n<td>MR<\/td>\n<td>.c.bing.com<\/td>\n<td>Ezt a s\u00fctit a Bing \u00e1ll\u00edtja be, hogy felhaszn\u00e1l\u00f3i adatokat gy\u0171jts\u00f6n analitikai c\u00e9lokra.<\/td>\n<td>7 nap<\/td>\n<td>Analitika<\/td>\n<\/tr>\n<tr>\n<td>SRM_B<\/td>\n<td>.c.bing.com<\/td>\n<td>A Microsoft Hirdet\u00e9sek egyedi azonos\u00edt\u00f3k\u00e9nt haszn\u00e1lja a l\u00e1togat\u00f3k sz\u00e1m\u00e1ra.<\/td>\n<td>1 \u00e9v 24 nap<\/td>\n<td>K\u00e9pess\u00e9g<\/td>\n<\/tr>\n<tr>\n<td>MR<\/td>\n<td>.c.clarity.ms<\/td>\n<td>Ezt a s\u00fctit a Bing \u00e1ll\u00edtja be, hogy felhaszn\u00e1l\u00f3i adatokat gy\u0171jts\u00f6n analitikai c\u00e9lokra.<\/td>\n<td>7 nap<\/td>\n<td>Analitika<\/td>\n<\/tr>\n<tr>\n<td>ANONCHK<\/td>\n<td>.c.clarity.ms<\/td>\n<td>Az ANONCHK s\u00fcti, amelyet a Bing \u00e1ll\u00edt be, a felhaszn\u00e1l\u00f3 munkamenet-azonos\u00edt\u00f3j\u00e1nak t\u00e1rol\u00e1s\u00e1ra \u00e9s a Bing keres\u0151motorokon t\u00f6rt\u00e9n\u0151 hirdet\u00e9skattint\u00e1sok nyomon k\u00f6vet\u00e9s\u00e9re szolg\u00e1l. A s\u00fcti seg\u00edt a jelent\u00e9sek \u00e9s a szem\u00e9lyre szab\u00e1s ter\u00e9n is.<\/td>\n<td>10 perc<\/td>\n<td>Hirdet\u00e9s<\/td>\n<\/tr>\n<tr>\n<td>lastExternalReferrerTime<\/td>\n<td>.anonimoplus.com<\/td>\n<td>\/<\/td>\n<td>soha<\/td>\n<td>Egy\u00e9b<\/td>\n<\/tr>\n<tr>\n<td>lastExternalReferrer<\/td>\n<td>.anonimoplus.com<\/td>\n<td>\/<\/td>\n<td>soha<\/td>\n<td>Egy\u00e9b<\/td>\n<\/tr>\n<tr>\n<td>wc_cart_hash_4815c0e77d6043640404ac68872e083e<\/td>\n<td>.anonimoplus.com<\/td>\n<td>\/<\/td>\n<td>soha<\/td>\n<td>Egy\u00e9b<\/td>\n<\/tr>\n<tr>\n<td>wpEmojiSettingsSupports<\/td>\n<td>.anonimoplus.com<\/td>\n<td>A WordPress ezt a s\u00fctit \u00e1ll\u00edtja be, amikor a felhaszn\u00e1l\u00f3 interakci\u00f3ba l\u00e9p az emojikkal egy WordPress weboldalon. Seg\u00edt meghat\u00e1rozni, hogy a felhaszn\u00e1l\u00f3 b\u00f6ng\u00e9sz\u0151je k\u00e9pes-e helyesen megjelen\u00edteni az emojikat.<\/td>\n<td>munkamenet<\/td>\n<td>K\u00f6telez\u0151<\/td>\n<\/tr>\n<tr>\n<td>wc_fragments_4815c0e77d6043640404ac68872e083e<\/td>\n<td>.anonimoplus.com<\/td>\n<td>\/<\/td>\n<td>munkamenet<\/td>\n<td>Egy\u00e9b<\/td>\n<\/tr>\n<tr>\n<td>_cltk<\/td>\n<td>.anonimoplus.com<\/td>\n<td>\/<\/td>\n<td>munkamenet<\/td>\n<td>Egy\u00e9b<\/td>\n<\/tr>\n<tr>\n<td>wc_cart_created<\/td>\n<td>.anonimoplus.com<\/td>\n<td>\/<\/td>\n<td>munkamenet<\/td>\n<td>Egy\u00e9b<\/td>\n<\/tr>\n<\/tbody>\n<\/table>\n<\/div><\/div><\/div><\/div>\n","protected":false},"excerpt":{"rendered":"","protected":false},"author":3,"featured_media":0,"parent":0,"menu_order":0,"comment_status":"closed","ping_status":"closed","template":"page-blank.php","meta":{"_acf_changed":false,"footnotes":""},"class_list":["post-11700","page","type-page","status-publish","hentry"],"acf":[],"_links":{"self":[{"href":"https:\/\/anonimoplus.com\/hu\/wp-json\/wp\/v2\/pages\/11700","targetHints":{"allow":["GET"]}}],"collection":[{"href":"https:\/\/anonimoplus.com\/hu\/wp-json\/wp\/v2\/pages"}],"about":[{"href":"https:\/\/anonimoplus.com\/hu\/wp-json\/wp\/v2\/types\/page"}],"author":[{"embeddable":true,"href":"https:\/\/anonimoplus.com\/hu\/wp-json\/wp\/v2\/users\/3"}],"replies":[{"embeddable":true,"href":"https:\/\/anonimoplus.com\/hu\/wp-json\/wp\/v2\/comments?post=11700"}],"version-history":[{"count":0,"href":"https:\/\/anonimoplus.com\/hu\/wp-json\/wp\/v2\/pages\/11700\/revisions"}],"wp:attachment":[{"href":"https:\/\/anonimoplus.com\/hu\/wp-json\/wp\/v2\/media?parent=11700"}],"curies":[{"name":"wp","href":"https:\/\/api.w.org\/{rel}","templated":true}]}}