{"id":11665,"date":"2025-01-08T10:25:57","date_gmt":"2025-01-08T09:25:57","guid":{"rendered":"https:\/\/anonimoplus.com\/politika-privatnosti\/"},"modified":"2025-11-20T15:32:54","modified_gmt":"2025-11-20T14:32:54","slug":"politika-privatnosti","status":"publish","type":"page","link":"https:\/\/anonimoplus.com\/hr\/politika-privatnosti\/","title":{"rendered":"Politika privatnosti"},"content":{"rendered":"<div  class=\"section-element section-large-padding-top section-large-padding-bottom\"><div class=\"row\"><div class=\"large-12 nasa-col columns\"><div  class=\"wpb_text_column wpb_content_element\"><p><strong>OBAVIJEST INDIVIDUALIMA U SKLADU S \u010cLANKOM 13 OP\u0106E UREDBE O ZA\u0160TITI PODATAKA (GDPR) O OBRADI OSOBNIH PODATAKA<\/strong><\/p>\n<p>Posjetitelji i kupci online trgovine https:\/\/anonimoplus.com\/<\/p>\n<p><strong>***<\/strong><\/p>\n<ul>\n<li>Voditelj obrade osobnih podataka: MINETRADA, trgovina i usluge, d.o.o., Lokarje 31, 1217 Vodice, info@anonimoplus.com<\/li>\n<li>Kontakti ovla\u0161tene osobe za za\u0161titu osobnih podataka (DPO): e-mail adresa: info@anonimoplus.com<\/li>\n<\/ul>\n<p>U predmetu ozna\u010dite \u201cZA\u0160TITA OSOBNIH PODATAKA, za DPO\u201d<\/p>\n<ul>\n<li>Svrha obrade osobnih podataka: Va\u0161e osobne podatke obra\u0111ujemo u manjoj mjeri i samo uz va\u0161 pristanak kada pregledavate na\u0161u web stranicu, na temelju kola\u010di\u0107a, koje pristajete da se preuzmu na va\u0161e ra\u010dunalo ili ure\u0111aj putem kojeg pregledavate na\u0161u web stranicu. Mo\u017eete pro\u010ditati vi\u0161e o kola\u010di\u0107ima, koje od va\u0161ih osobnih podataka obra\u0111ujemo na njihovoj osnovi i u koju svrhu te razdoblje pohrane tih podataka u obavijesti o kola\u010di\u0107ima objavljenoj na na\u0161oj web stranici. Tako\u0111er obra\u0111ujemo va\u0161e osobne podatke u sljede\u0107im slu\u010dajevima:<\/li>\n<li>kako bismo uspje\u0161no zavr\u0161ili kona\u010dnu kupnju i isporu\u010dili robu, obra\u0111ujemo sljede\u0107e kategorije osobnih podataka o vama: e-mail adresu, telefonski broj, ime i prezime, ulicu i ku\u0107ni broj, po\u0161tanski broj i grad, te podatke potrebne za uspje\u0161nu uplatu robe (npr. broj kartice itd.); podaci koji su obavezni ozna\u010deni su zvjezdicom (*) u obrascu; potrebne su nam va\u0161e kontakt informacije prvenstveno za svrhe ispravne isporuke kupljene robe, pri \u010demu te informacije proslje\u0111ujemo dostavnoj slu\u017ebi kako bi vas mogla kontaktirati u svrhu isporuke.<\/li>\n<li>kako bismo vam slali novosti, prikupljamo va\u0161u e-mail adresu<\/li>\n<li>kako bismo kreirali i upravljali registracijskim ra\u010dunom, \u010duvamo sve podatke o vama, kao u prvom stavku, a dodjeljuje vam se i korisni\u010dko ime i lozinka, koje mo\u017eete promijeniti<\/li>\n<\/ul>\n<p>Osim navedenih svrha, tako\u0111er obra\u0111ujemo va\u0161e osobne podatke u slu\u010daju rje\u0161avanja va\u0161ih upita, pritu\u017ebi s ciljem rje\u0161avanja pritu\u017ebi, kao i u slu\u010daju da trebamo za\u0161tititi vlastite pravne, financijske i druge interese (npr. za otkrivanje i sprje\u010davanje zloupotrebe i nano\u0161enja \u0161tete, za povrat nepla\u0107enih iznosa itd.). U te svrhe obra\u0111ujemo kategorije osobnih podataka navedene iznad (uzimaju\u0107i u obzir na\u010delo minimalnog opsega), kao i va\u0161u IP adresu (za sprje\u010davanje zloupotrebe i nano\u0161enja \u0161tete web stranici).<\/p>\n<p>Voditelj obrade koristiti \u0107e va\u0161e osobne podatke za analizu posjeta portalu i za pobolj\u0161anje rada portala i njegovih usluga. Sustav automatski bilje\u017ei informacije o vama, na temelju kojih voditelj dobiva uvid u na\u010din na koji pregledavate i koristite web stranicu. Ovaj uvid omogu\u0107uje administratoru provo\u0111enje istra\u017eivanja i analiza za vlastite potrebe kako bi pobolj\u0161ao korisni\u010dko iskustvo i svoje usluge, kao i iz sigurnosnih razloga i statisti\u010dke obrade. Informacije koje sustav automatski bilje\u017ei o vama su web stranice koje ste posjetili, web preglednik koji koristite, a od osobnih podataka, IP adresa ure\u0111aja s kojeg koristite portal.<\/p>\n<ul>\n<li>Pravna osnova za obradu osobnih podataka:<\/li>\n<\/ul>\n<p>\u25e6 va\u0161 pristanak (za slanje biltena) prema \u010dlanku 6\/1 a GDPR<\/p>\n<p>\u25e6 kada je obrada nu\u017ena za ispunjenje na\u0161ih pravnih obveza, (npr. ispunjavanje obveza u skladu s poreznim propisima kao i u skladu sa zakonom koji ure\u0111uje elektroni\u010dke komunikacije) prema \u010dlanku 6\/1 c GDPR<\/p>\n<p>\u25e6 kada je obrada nu\u017ena za izvr\u0161enje ugovora izme\u0111u nas i vas, ili za provedbu mjera na va\u0161 zahtjev prije sklapanja ugovora (npr. u vezi s obradom va\u0161e narud\u017ebe, upravljanjem va\u0161im korisni\u010dkim ra\u010dunom, obradom va\u0161ih upita itd.) prema \u010dlanku 6\/1 b GDPR<\/p>\n<p>\u25e6 legitimni interes voditelja (npr. za ostvarivanje i za\u0161titu vlastitih pravnih interesa, sprje\u010davanje zloupotrebe i nano\u0161enja \u0161tete itd.) prema \u010dlanku 6\/1 f GDPR<\/p>\n<p>Morate nam dostaviti svoje osobne podatke koje prikupljamo na temelju na\u0161e trenutne ili potencijalne ugovorne suradnje (tj. one osobne podatke koje prikupljamo od vas kako bismo mogli izvr\u0161iti narud\u017ebu za vas, ili odgovoriti na va\u0161 upit), ina\u010de ne\u0107emo mo\u0107i prihvatiti i izvr\u0161iti va\u0161u narud\u017ebu, niti odgovoriti na va\u0161 upit.<\/p>\n<p>Isto vrijedi i za osobne podatke koje prikupljamo od vas kako bismo ispunili na\u0161e pravne obveze (tj. obveze koje moramo ispuniti zakonom). U ovom slu\u010daju tako\u0111er na\u0161a suradnja ne\u0107e biti mogu\u0107a ako nam ne dostavite tra\u017eene osobne podatke.<\/p>\n<p>Na temelju va\u0161eg pristanka, voditelj \u0107e povremeno slati vam novosti i obavijesti o svojim aktivnostima, novostima i uslugama vezanim uz aktivnosti voditelja (izravni marketing) na va\u0161u e-mail adresu, koju \u0107ete dostaviti voditelju. U svakoj poslanici imat \u0107ete mogu\u0107nost odjaviti se od daljnjeg primanja sli\u010dnih poruka. Osim va\u0161e e-mail adrese, voditelj \u0107e tako\u0111er obra\u0111ivati va\u0161u IP adresu i datum i vrijeme registracije u opisanu svrhu.<\/p>\n<p>E-mail adresa koju je tvrtka dobila od svog kupca mo\u017ee, sukladno stavku 2. \u010dlanka 158. Zakona o elektroni\u010dkim komunikacijama (ZEKom-1), tako\u0111er biti kori\u0161tena za izravni marketing sli\u010dnih proizvoda\/usluga ove tvrtke. U tom slu\u010daju, primatelju se jasno daje mogu\u0107nost u marketin\u0161koj poruci da zatra\u017ei prestanak kori\u0161tenja njegove e-mail adrese u tu svrhu.<\/p>\n<ul>\n<li>Obja\u0161njenje legitimnih interesa[1]: Sigurnost ljudi i imovine i za\u0161tita pravnih interesa voditelja \u2013 obra\u0111ujemo osobne podatke pojedinaca kada do\u0111e do kr\u0161enja ugovora od strane pojedinca ili kada do\u0111e do nesporazuma u vezi s provedbom ugovora izme\u0111u voditelja i pojedinca. U tom slu\u010daju, voditelj obra\u0111uje osobne podatke pojedinca kako bi za\u0161titio svoju imovinu i ostvario (za\u0161titio) svoje pravne interese. Tako\u0111er prikupljamo va\u0161e osobne podatke kako bismo u\u010dinkovitije ispunili svoje pravne obveze, kao \u0161to su ispunjenje na\u0161ih obveza prema poreznim propisima u pojedinim slu\u010dajevima. Voditelj obra\u0111uje osobne podatke na temelju svojih legitimnih interesa, koje voditelj ostvaruje, osim kada su takvi interesi nadja\u010dani interesima ili osnovnim pravima i slobodama pojedinca na kojeg se osobni podaci odnose, koji zahtijevaju za\u0161titu osobnih podataka. Voditelj \u0107e provesti procjenu pravnog utjecaja (LIA) prije obrade osobnih podataka na temelju legitimnog interesa<\/li>\n<\/ul>\n<p>Korisnici ili kategorije korisnika[2] osobnih podataka, ako ih ima: Kako bi optimizirao svoje poslovanje, voditelj tako\u0111er sura\u0111uje s pojedinim ugovornim obra\u0111iva\u010dima koji, u okviru pru\u017eanja usluga voditelju, tako\u0111er obra\u0111uju va\u0161e osobne podatke do odre\u0111ene mjere. Takvi ugovorni obra\u0111iva\u010di su programeri, urednici web stranica, IT konzultanti, vanjski ra\u010dunovo\u0111e, pravni savjetnici, pru\u017eatelji usluga u oblaku i e-po\u0161te, institucije za pla\u0107anje (banke) i drugi posrednici s kojima voditelj sura\u0111uje u vezi s omogu\u0107avanjem online usluga pla\u0107anja, dostavnih usluga itd.<\/p>\n<p>Sve te osobe sklopile su ugovor o obradi osobnih podataka s voditeljem, \u0161to zna\u010di da mogu obra\u0111ivati povjerene podatke isklju\u010divo u ime voditelja, unutar granica njegovih ovlasti\/uputa (kako je definirano u ugovoru ili drugom pravnom aktu) i u skladu s ciljevima definiranim u ovoj politici privatnosti i ugovoru izme\u0111u voditelja i pojedinog ugovornog obra\u0111iva\u010da.<\/p>\n<p>Kako bi ispunio svoje pravne obveze, voditelj tako\u0111er dostavlja va\u0161e podatke u propisanom opsegu dr\u017eavnim tijelima i institucijama (npr. Financijskoj upravi Republike Slovenije).<\/p>\n<p>Voditelj ne\u0107e pru\u017eiti va\u0161e osobne podatke neovla\u0161tenim tre\u0107im stranama.<\/p>\n<ul>\n<li>Informacije o prijenosima osobnih podataka u tre\u0107u zemlju ili me\u0111unarodnu organizaciju: nema izlaza<\/li>\n<\/ul>\n<p>Razdoblje zadr\u017eavanja osobnih podataka ili, gdje to nije mogu\u0107e, kriteriji kori\u0161teni za odre\u0111ivanje tog razdoblja:<\/p>\n<p>Obradit \u0107emo va\u0161e osobne podatke samo u onoj mjeri koja je potrebna za postizanje svrha obrade i onoliko dugo koliko je potrebno za ostvarenje tih svrha.<\/p>\n<p>Obra\u0111ujemo osobne podatke dok se svrha za koju su prikupljeni ne ispuni, posebno kada je obrada osobnih podataka potrebna za ili u vezi s ugovorom sklopljenim s nama, \u0161to u ovom konkretnom slu\u010daju iznosi 5 godina od prestanka ugovornog odnosa, osim ako ne do\u0111e do daljnje obrade na drugoj pravnoj osnovi (npr. za za\u0161titu na\u0161ih pravnih interesa) i osim u slu\u010dajevima kada je razdoblje zadr\u017eavanja osobnih podataka propisano zakonom. U tim slu\u010dajevima, pohranjujemo va\u0161e osobne podatke u skladu s pravnim odredbama ili. do 5 godina nakon isteka svrhe za koju smo ih dalje obra\u0111ivali.<\/p>\n<p>Osobni podaci koje prikupljamo i dalje obra\u0111ujemo isklju\u010divo na temelju va\u0161eg pristanka prestat \u0107e se obra\u0111ivati nakon povla\u010denja pristanka.<\/p>\n<p>Osim ako nije druga\u010dije navedeno u ovoj politici privatnosti ili drugim pravnim, regulatornim ili internim aktima, svrha obrade osobnih podataka smatra se postignutom kada istekne maksimalno razdoblje zastare za ostvarivanje ili obranu potra\u017eivanja koja proizlaze iz pojedine \u010dinjeni\u010dne situacije (op\u0107e razdoblje zastare je 5 godina, iznimno kra\u0107e \u2013 1 ili 3 godine, ili du\u017ee \u2013 10 godina).<\/p>\n<ul>\n<li>Informacije o postojanju prava pojedinca da zatra\u017ei pristup osobnim podacima i ispravak ili brisanje osobnih podataka ili ograni\u010denja, ili postojanju prava na prigovor na obradu i prava na prenosivost podataka: Pisanim zahtjevom poslanim na adresu Voditelja ili e-mailom na info@anonimoplus.com, pojedinac mo\u017ee zatra\u017eiti pristup, dopunu, ispravak, blokiranje ili ograni\u010denje obrade ili brisanje osobnih podataka, prigovoriti se na obradu podataka koji se odnose na njega ili nju i zatra\u017eiti prijenos podataka. Voditelj \u0107e odlu\u010diti o zahtjevu pojedinca u skladu s pravnom osnovom na kojoj se temeljila obrada pojedinih osobnih podataka. Informacije o pravu na povla\u010denje pristanka kada se obrada temelji na pristanku: Mo\u017eete povu\u0107i pristanak u bilo kojem trenutku bez utjecaja na zakonitost obrade podataka koja je izvr\u0161ena na temelju pristanka do njegovog povla\u010denja.<\/li>\n<\/ul>\n<ul>\n<li>Informacije o pravu na podno\u0161enje pritu\u017ebe nadzornom tijelu: Mo\u017eete podnijeti pritu\u017ebu Informacijskom povjereniku (adresa: Dunajska 22, 1000 Ljubljana, e-mail: gp.ip@ip-rs.si, telefon: 012309730, web stranica: www.ip-rs.si).<\/li>\n<li>Informacije o postojanju automatiziranog dono\u0161enja odluka, uklju\u010duju\u0107i profiliranje, i barem u takvim slu\u010dajevima, zna\u010dajne informacije o razlozima za to, kao i zna\u010daj i predvi\u0111ene posljedice takve obrade za subjekt podataka: N\/A<\/li>\n<\/ul>\n<table width=\"1637\">\n<tbody>\n<tr>\n<td width=\"168\"><strong>Kola\u010di\u0107i<\/strong><\/td>\n<td width=\"115\"><strong>Domena<\/strong><\/td>\n<td width=\"1180\"><strong>Opis<\/strong><\/td>\n<td width=\"87\"><strong>Trajanje<\/strong><\/td>\n<td width=\"87\"><strong>Tip<\/strong><\/td>\n<\/tr>\n<tr>\n<td>CLID<\/td>\n<td><a href=\"http:\/\/www.clarity.ms\/\">www.clarity.ms\u00a0<\/a><\/td>\n<td>Microsoft Clarity postavlja ovaj kola\u010di\u0107 za pohranu informacija o tome kako posjetitelji komuniciraju s web stranicom. Kola\u010di\u0107 poma\u017ee u pru\u017eanju analiti\u010dkog izvje\u0161tavanja. Prikupljeni podaci uklju\u010duju broj posjetitelja, gdje posje\u0107uju web stranicu i stranice koje posje\u0107uju.<\/td>\n<td>1 godina<\/td>\n<td>Analitika<\/td>\n<\/tr>\n<tr>\n<td>_clck<\/td>\n<td>.anonimoplus.com<\/td>\n<td>Microsoft Clarity postavlja ovaj kola\u010di\u0107 za zadr\u017eavanje Clarity korisni\u010dkog ID-a i postavki koje su jedinstvene za tu stranicu. Ovo osigurava da su radnje poduzete tijekom sljede\u0107ih posjeta istoj stranici povezane s istim korisni\u010dkim imenom.<\/td>\n<td>1 godina<\/td>\n<td>Analitika<\/td>\n<\/tr>\n<tr>\n<td>_clsk<\/td>\n<td>.anonimoplus.com<\/td>\n<td>Microsoft Clarity postavlja ovaj kola\u010di\u0107 za pohranu i kombiniranje pregleda stranica korisnika u jedan zapis sesije.<\/td>\n<td>1 dan<\/td>\n<td>Analitika<\/td>\n<\/tr>\n<tr>\n<td>pys_session_limit<\/td>\n<td>.anonimoplus.com<\/td>\n<td>PixelYourSite dodatak postavlja ovaj kola\u010di\u0107 za upravljanje analiti\u010dkom uslugom.<\/td>\n<td>1 sat<\/td>\n<td>Analitika<\/td>\n<\/tr>\n<tr>\n<td>pys_start_session<\/td>\n<td>.anonimoplus.com<\/td>\n<td>PixelYourSite dodatak postavlja ovaj kola\u010di\u0107 za upravljanje analiti\u010dkom uslugom.<\/td>\n<td>sesija<\/td>\n<td>Analitika<\/td>\n<\/tr>\n<tr>\n<td>pys_first_visit<\/td>\n<td>.anonimoplus.com<\/td>\n<td>PixelYourSite dodatak postavlja ovaj kola\u010di\u0107 za upravljanje analiti\u010dkom uslugom.<\/td>\n<td>7 dana<\/td>\n<td>Analitika<\/td>\n<\/tr>\n<tr>\n<td>pysTrafficSource<\/td>\n<td>.anonimoplus.com<\/td>\n<td>PixelYourSite dodatak postavlja ovaj kola\u010di\u0107 za upravljanje analiti\u010dkom uslugom.<\/td>\n<td>7 dana<\/td>\n<td>Analitika<\/td>\n<\/tr>\n<tr>\n<td>pys_landing_page<\/td>\n<td>.anonimoplus.com<\/td>\n<td>PixelYourSite dodatak postavlja ovaj kola\u010di\u0107 za upravljanje analiti\u010dkom uslugom.<\/td>\n<td>7 dana<\/td>\n<td>Analitika<\/td>\n<\/tr>\n<tr>\n<td>last_pysTrafficSource<\/td>\n<td>.anonimoplus.com<\/td>\n<td>PixelYourSite dodatak postavlja ovaj kola\u010di\u0107 za upravljanje analiti\u010dkom uslugom.<\/td>\n<td>7 dana<\/td>\n<td>Analitika<\/td>\n<\/tr>\n<tr>\n<td>last_pys_landing_page<\/td>\n<td>.anonimoplus.com<\/td>\n<td>PixelYourSite dodatak postavlja ovaj kola\u010di\u0107 za upravljanje analiti\u010dkom uslugom.<\/td>\n<td>7 dana<\/td>\n<td>Analitika<\/td>\n<\/tr>\n<tr>\n<td>_fbp<\/td>\n<td>.anonimoplus.com<\/td>\n<td>Facebook postavlja ovaj kola\u010di\u0107 za pohranu i pra\u0107enje interakcije.<\/td>\n<td>7 dana<\/td>\n<td>Analitika<\/td>\n<\/tr>\n<tr>\n<td>nasa_curent_per_shipping<\/td>\n<td>.anonimoplus.com<\/td>\n<td>\/<\/td>\n<td>7 dana<\/td>\n<td>Ostalo<\/td>\n<\/tr>\n<tr>\n<td>_ga_*<\/td>\n<td>.anonimoplus.com<\/td>\n<td>Google Analytics postavlja ovaj kola\u010di\u0107 za pohranu i brojanje pregleda stranica.<\/td>\n<td>1 godina 1 mjesec 4 dana<\/td>\n<td>Analitika<\/td>\n<\/tr>\n<tr>\n<td rowspan=\"2\">_ga<\/td>\n<td rowspan=\"2\">.anonimoplus.com<\/td>\n<td>Kola\u010di\u0107 _ga, postavljen od Google Analytics, izra\u010dunava podatke o posjetiteljima, sesijama i kampanjama te tako\u0111er prati kori\u0161tenje web stranice za izvje\u0161tavanje o analitici web stranica.<\/td>\n<td rowspan=\"2\">1 godina 1 mjesec 4 dana<\/td>\n<td rowspan=\"2\">Analitika<\/td>\n<\/tr>\n<tr>\n<td>Kola\u010di\u0107 pohranjuje informacije anonimno i dodjeljuje nasumi\u010dno generirani broj za identifikaciju jedinstvenih posjetitelja.<\/td>\n<\/tr>\n<tr>\n<td>SM<\/td>\n<td>.c.clarity.ms<\/td>\n<td>Microsoft Clarity kola\u010di\u0107 postavlja ovaj kola\u010di\u0107 za sinkronizaciju MUID-ova izme\u0111u Microsoftovih domena.<\/td>\n<td>sesija<\/td>\n<td>Analitika<\/td>\n<\/tr>\n<tr>\n<td>MUID<\/td>\n<td>.clarity.ms<\/td>\n<td>Microsoft Bing postavlja ovaj kola\u010di\u0107 za prepoznavanje jedinstvenih web preglednika koji posje\u0107uju Microsoftove web stranice. Ovi kola\u010di\u0107i se koriste za ogla\u0161avanje, analitiku web stranica i druge operativne svrhe.<\/td>\n<td>1 godina 24 dana<\/td>\n<td>Ogla\u0161avanje<\/td>\n<\/tr>\n<tr>\n<td>MUID<\/td>\n<td>.bing.com<\/td>\n<td>Microsoft Bing postavlja ovaj kola\u010di\u0107 za prepoznavanje jedinstvenih web preglednika koji posje\u0107uju Microsoftove web stranice. Ovi kola\u010di\u0107i se koriste za ogla\u0161avanje, analitiku web stranica i druge operativne svrhe.<\/td>\n<td>1 godina 24 dana<\/td>\n<td>Ogla\u0161avanje<\/td>\n<\/tr>\n<tr>\n<td>MR<\/td>\n<td>.c.bing.com<\/td>\n<td>Ovaj kola\u010di\u0107, postavljen od Binga, koristi se za prikupljanje podataka o korisnicima u svrhu analitike.<\/td>\n<td>7 dana<\/td>\n<td>Analitika<\/td>\n<\/tr>\n<tr>\n<td>SRM_B<\/td>\n<td>.c.bing.com<\/td>\n<td>Koristi se od strane Microsoft Advertising kao jedinstveni ID za posjetitelje.<\/td>\n<td>1 godina 24 dana<\/td>\n<td>Kapacitet<\/td>\n<\/tr>\n<tr>\n<td>MR<\/td>\n<td>.c.clarity.ms<\/td>\n<td>Ovaj kola\u010di\u0107, postavljen od Binga, koristi se za prikupljanje podataka o korisnicima u svrhu analitike.<\/td>\n<td>7 dana<\/td>\n<td>Analitika<\/td>\n<\/tr>\n<tr>\n<td>ANONCHK<\/td>\n<td>.c.clarity.ms<\/td>\n<td>Kola\u010di\u0107 ANONCHK, postavljen od Binga, koristi se za pohranu ID-a sesije korisnika i tako\u0111er za pra\u0107enje klikova na oglase na Bing pretra\u017eiva\u010dima. Kola\u010di\u0107 tako\u0111er poma\u017ee u izvje\u0161tavanju i personalizaciji.<\/td>\n<td>10 minuta<\/td>\n<td>Ogla\u0161avanje<\/td>\n<\/tr>\n<tr>\n<td>lastExternalReferrerTime<\/td>\n<td>.anonimoplus.com<\/td>\n<td>\/<\/td>\n<td>nikada<\/td>\n<td>Ostalo<\/td>\n<\/tr>\n<tr>\n<td>lastExternalReferrer<\/td>\n<td>.anonimoplus.com<\/td>\n<td>\/<\/td>\n<td>nikada<\/td>\n<td>Ostalo<\/td>\n<\/tr>\n<tr>\n<td>wc_cart_hash_4815c0e77d6043640404ac68872e083e<\/td>\n<td>.anonimoplus.com<\/td>\n<td>\/<\/td>\n<td>nikada<\/td>\n<td>Ostalo<\/td>\n<\/tr>\n<tr>\n<td>wpEmojiSettingsSupports<\/td>\n<td>.anonimoplus.com<\/td>\n<td>WordPress postavlja ovaj kola\u010di\u0107 kada korisnik interagira s emoji na WordPress stranici. Poma\u017ee odrediti mo\u017ee li preglednik korisnika ispravno prikazati emojije.<\/td>\n<td>sesija<\/td>\n<td>Obavezno<\/td>\n<\/tr>\n<tr>\n<td>wc_fragments_4815c0e77d6043640404ac68872e083e<\/td>\n<td>.anonimoplus.com<\/td>\n<td>\/<\/td>\n<td>sesija<\/td>\n<td>Ostalo<\/td>\n<\/tr>\n<tr>\n<td>_cltk<\/td>\n<td>.anonimoplus.com<\/td>\n<td>\/<\/td>\n<td>sesija<\/td>\n<td>Ostalo<\/td>\n<\/tr>\n<tr>\n<td>wc_cart_created<\/td>\n<td>.anonimoplus.com<\/td>\n<td>\/<\/td>\n<td>sesija<\/td>\n<td>Ostalo<\/td>\n<\/tr>\n<\/tbody>\n<\/table>\n<\/div><\/div><\/div><\/div>\n","protected":false},"excerpt":{"rendered":"","protected":false},"author":3,"featured_media":0,"parent":0,"menu_order":0,"comment_status":"closed","ping_status":"closed","template":"page-blank.php","meta":{"_acf_changed":false,"footnotes":""},"class_list":["post-11665","page","type-page","status-publish","hentry"],"acf":[],"_links":{"self":[{"href":"https:\/\/anonimoplus.com\/hr\/wp-json\/wp\/v2\/pages\/11665","targetHints":{"allow":["GET"]}}],"collection":[{"href":"https:\/\/anonimoplus.com\/hr\/wp-json\/wp\/v2\/pages"}],"about":[{"href":"https:\/\/anonimoplus.com\/hr\/wp-json\/wp\/v2\/types\/page"}],"author":[{"embeddable":true,"href":"https:\/\/anonimoplus.com\/hr\/wp-json\/wp\/v2\/users\/3"}],"replies":[{"embeddable":true,"href":"https:\/\/anonimoplus.com\/hr\/wp-json\/wp\/v2\/comments?post=11665"}],"version-history":[{"count":0,"href":"https:\/\/anonimoplus.com\/hr\/wp-json\/wp\/v2\/pages\/11665\/revisions"}],"wp:attachment":[{"href":"https:\/\/anonimoplus.com\/hr\/wp-json\/wp\/v2\/media?parent=11665"}],"curies":[{"name":"wp","href":"https:\/\/api.w.org\/{rel}","templated":true}]}}